{"id":2913,"date":"2019-01-30T12:18:22","date_gmt":"2019-01-30T11:18:22","guid":{"rendered":"https:\/\/www.sensitivefabrics.it\/saving-our-sea\/"},"modified":"2019-05-23T10:54:49","modified_gmt":"2019-05-23T08:54:49","slug":"saving-our-sea","status":"publish","type":"page","link":"https:\/\/www.sensitivefabrics.it\/it\/saving-our-sea\/","title":{"rendered":"Saving our sea"},"content":{"rendered":"<div class=\"wpb-content-wrapper\"><p>[vc_row full_width=&#8221;stretch_row_content&#8221; full_height=&#8221;yes&#8221; columns_placement=&#8221;bottom&#8221; content_placement=&#8221;bottom&#8221; css=&#8221;.vc_custom_1554210707473{border-top-width: 0px !important;border-right-width: 20px !important;border-bottom-width: 20px !important;border-left-width: 20px !important;background: #005980 url(https:\/\/www.sensitivefabrics.it\/wp-content\/uploads\/2019\/04\/savingoursea.jpg?id=2750) !important;background-position: center !important;background-repeat: no-repeat !important;background-size: cover !important;border-left-color: #ffffff !important;border-left-style: solid !important;border-right-color: #ffffff !important;border-right-style: solid !important;border-top-color: #ffffff !important;border-top-style: solid !important;border-bottom-color: #ffffff !important;border-bottom-style: solid !important;}&#8221;][vc_column width=&#8221;1\/12&#8243; css=&#8221;.vc_custom_1537621999171{margin-bottom: 50px !important;}&#8221;][\/vc_column][vc_column width=&#8221;11\/12&#8243;][vc_custom_heading text=&#8221;SALVARE IL NOSTRO MARE DIPENDE DA QUELLO CHE MANGIAMO&#8221; font_container=&#8221;tag:h1|text_align:left&#8221; use_theme_fonts=&#8221;yes&#8221; el_class=&#8221;ej-vc-h1&#8243; css=&#8221;.vc_custom_1558601685672{margin-bottom: 50px !important;}&#8221;][\/vc_column][\/vc_row][vc_row full_width=&#8221;stretch_row_content&#8221; css=&#8221;.vc_custom_1554209499387{margin-top: 50px !important;}&#8221;][vc_column width=&#8221;1\/4&#8243;][\/vc_column][vc_column width=&#8221;1\/2&#8243;][vc_row_inner][vc_column_inner css=&#8221;.vc_custom_1554210991933{margin-bottom: 35px !important;}&#8221;][vc_custom_heading text=&#8221;In Europa ognuno di noi mangia in media 25 kg di pesce l\u2019anno, di cui 19 kg sono di importazione.&#8221; use_theme_fonts=&#8221;yes&#8221; el_class=&#8221;ej-vc-h2&#8243;][vc_empty_space][vc_column_text]Gli oceani di tutto il mondo sono minacciati dallo sfruttamento eccessivo delle risorse ittiche. Salvare il mare dipende da tutti noi. Per questo EUROJERSEY \u00e8 al fianco di WWF Italia per promuovere l\u2019adozione di comportamenti responsabili a partire dalle scelte di consumo, favorendo la scelta di prodotti ittici pescati in modo tale da preservare le risorse ittiche ed i pescatori che da esse dipendono. Lo sfruttamento eccessivo delle risorse ittiche, volto a soddisfare una domanda in continuo aumento, rappresenta infatti una grave minaccia per i pesci e per i pescatori. EUROJERSEY supporta l\u2019impegno di WWF Italia per impedire questa crisi.<br \/>\n<strong style=\"color: #005980 !important;\">Questo sfruttamento eccessivo delle risorse ittiche pu\u00f2 essere frenato, con l\u2019aiuto di tutti.<\/strong>[\/vc_column_text][\/vc_column_inner][\/vc_row_inner][\/vc_column][vc_column width=&#8221;1\/4&#8243;][\/vc_column][\/vc_row][vc_row full_width=&#8221;stretch_row_content&#8221; css=&#8221;.vc_custom_1554209958910{margin-top: 0px !important;background-image: url(https:\/\/www.sensitivefabrics.it\/wp-content\/uploads\/2019\/01\/wwf_bg.jpg?id=2504) !important;background-position: center !important;background-repeat: no-repeat !important;background-size: cover !important;}&#8221;][vc_column][vc_empty_space height=&#8221;50&#8243;][vc_row_inner][vc_column_inner width=&#8221;1\/4&#8243;][\/vc_column_inner][vc_column_inner width=&#8221;1\/2&#8243; css=&#8221;.vc_custom_1554209983196{margin-top: 0px !important;padding-top: 20px !important;padding-right: 20px !important;padding-bottom: 20px !important;padding-left: 20px !important;background-color: #ffffff !important;}&#8221;][vc_custom_heading text=&#8221;La pesca sostenibile pu\u00f2 fare la differenza?&#8221; font_container=&#8221;tag:h1|text_align:left&#8221; use_theme_fonts=&#8221;yes&#8221; el_class=&#8221;ej-vc-h2&#8243;][vc_empty_space height=&#8221;15&#8243;][vc_column_text]<strong>Effetti collaterali<\/strong><\/p>\n<p style=\"text-align: justify;\">La pesca \u00e8 un\u2019attivit\u00e0 umana che provoca un impatto sugli ecosistemi marini non trascurabile. In primis la pesca eccessiva pu\u00f2 causare il declino delle popolazioni ittiche (stock) che, se non controllato, pu\u00f2 determinare l\u2019estinzione locale di una specie. Anche l\u2019attrezzatura utilizzata nella pesca pu\u00f2 causare danni accidentali ai fondali e alla biodiversit\u00e0. Alcuni metodi di pesca possono addirittura determinare impatti negativi irreversibili per l\u2019ambiente e distruggere importanti habitat marini. Altri metodi possono causare la cattura e l\u2019uccisione di animali marini protetti, mettendo a rischio la sopravvivenza della specie.<\/p>\n<p>[\/vc_column_text][vc_empty_space height=&#8221;15&#8243;][vc_column_text]<strong>Soluzioni innovative e aree marine protette<br \/>\n<\/strong><\/p>\n<p style=\"text-align: justify;\">Grazie alle conoscenze scientifiche odierne, \u00e8 possibile pescare in maniera sostenibile, rispettando determinate regole di gestione e di comportamento, raccogliendo e condividendo i dati sulla pesca. Oggi sul mercato esistono attrezzature da pesca innovative che riducono gli impatti negativi sulla biodiversit\u00e0 marina e sugli ecosistemi e che rappresentano una soluzione importante per la salute degli oceani. Le aree marine protette sono anch\u2019esse fondamentali per garantire la sopravvivenza delle specie marine e il recupero degli stock ittici. Anche il coinvolgimento dei pescatori nella pianificazione e cogestione delle attivit\u00e0 di pesca sostenibili costituisce una<br \/>\nstrategia vincente per il futuro.<\/p>\n<p>[\/vc_column_text][\/vc_column_inner][vc_column_inner width=&#8221;1\/4&#8243;][\/vc_column_inner][\/vc_row_inner][vc_empty_space height=&#8221;50&#8243;][\/vc_column][\/vc_row][vc_row full_width=&#8221;stretch_row_content&#8221;][vc_column width=&#8221;1\/4&#8243;][\/vc_column][vc_column width=&#8221;1\/2&#8243;][vc_row_inner][vc_column_inner][vc_custom_heading text=&#8221;La verit\u00e0 nuda e cruda&#8221; use_theme_fonts=&#8221;yes&#8221; el_class=&#8221;ej-vc-h2&#8243;][vc_empty_space][\/vc_column_inner][\/vc_row_inner][\/vc_column][vc_column width=&#8221;1\/4&#8243;][\/vc_column][\/vc_row][vc_row equal_height=&#8221;yes&#8221;][vc_column width=&#8221;1\/5&#8243;][\/vc_column][vc_column width=&#8221;1\/5&#8243; css=&#8221;.vc_custom_1554211132481{margin-right: 5px !important;}&#8221;][vc_single_image image=&#8221;2782&#8243; img_size=&#8221;100&#215;100&#8243; alignment=&#8221;center&#8221;][vc_column_text]<\/p>\n<h2 style=\"text-align: center;\"><strong>85%<\/strong><\/h2>\n<p style=\"text-align: center;\">di stock ittici nel Mediterraneo sovrasfruttato<\/p>\n<h2 style=\"text-align: center;\"><strong>33%<\/strong><\/h2>\n<p style=\"text-align: center;\">di risorse ittiche globali pescato in maniera eccessiva<\/p>\n<p>[\/vc_column_text][\/vc_column][vc_column width=&#8221;1\/5&#8243; css=&#8221;.vc_custom_1554211174989{margin-right: 5px !important;margin-left: 5px !important;}&#8221;][vc_single_image image=&#8221;2784&#8243; img_size=&#8221;100&#215;100&#8243; alignment=&#8221;center&#8221;][vc_column_text]<\/p>\n<h2 style=\"text-align: center;\"><strong>15%<\/strong><\/h2>\n<p style=\"text-align: center;\">dell\u2019attivit\u00e0 di pesca annua totale si stima possa provenire da attivit\u00e0 di pesca illegale, non regolamentata e non registrata (IUU), raggiungendo i 26 milioni di tonnellate su scala globale<\/p>\n<p>[\/vc_column_text][\/vc_column][vc_column width=&#8221;1\/5&#8243; css=&#8221;.vc_custom_1554211202595{margin-right: 5px !important;margin-left: 5px !important;}&#8221;][vc_single_image image=&#8221;2786&#8243; img_size=&#8221;100&#215;100&#8243; alignment=&#8221;center&#8221;][vc_column_text]<\/p>\n<h2 style=\"text-align: center;\"><strong>68%<\/strong><\/h2>\n<p style=\"text-align: center;\">di prodotti ittici consumati nell\u2019Unione Europea \u00e8 importato<\/p>\n<p>[\/vc_column_text][\/vc_column][vc_column width=&#8221;1\/5&#8243;][\/vc_column][\/vc_row][vc_row full_width=&#8221;stretch_row_content&#8221; css=&#8221;.vc_custom_1554211461810{margin-top: 50px !important;background-color: #005980 !important;}&#8221;][vc_column width=&#8221;1\/4&#8243;][\/vc_column][vc_column width=&#8221;1\/2&#8243;][vc_row_inner][vc_column_inner css=&#8221;.vc_custom_1554210991933{margin-bottom: 35px !important;}&#8221;][vc_custom_heading text=&#8221;Insieme possiamo fare la differenza&#8221; font_container=&#8221;tag:h2|text_align:left|color:%23ffffff&#8221; use_theme_fonts=&#8221;yes&#8221; el_class=&#8221;ej-vc-h2&#8243;][vc_empty_space height=&#8221;16px&#8221;][vc_column_text]<\/p>\n<div style=\"color: #ffffff; font-weight: 300;\"><strong style=\"color: #ffffff !important; font-weight: 600;\">ACQUISTA PRODOTTI ITTICI CERTIFICATI<\/strong><br \/>\nCerca di acquistare pesce certificato MSC, ASC o biologico.<br \/>\n<strong style=\"color: #ffffff !important; font-weight: 600;\">CONTROLLA LA PROVENIENZA SULL\u2019ETICHETTA<\/strong><br \/>\nNell\u2019Unione Europea, \u00e8 un tuo diritto legale conoscere il nome completo del pesce che stai acquistando, la sua provenienza, se \u00e8 stato pescato o allevato, se si tratta di pesce fresco o scongelato.<br \/>\n<strong style=\"color: #ffffff !important; font-weight: 600;\">MANGIA SOLO PESCE ADULTO<\/strong><br \/>\nUn pesce troppo giovane non ha ancora avuto il tempo di riprodursi. Controlla che tu stia acquistando pesce adulto, cos\u00ec facendo contribuirai a ricostituire le risorse ittiche.<br \/>\n<strong style=\"color: #ffffff !important; font-weight: 600;\">ASSAGGIA LA DIVERSIT\u00c0<\/strong><br \/>\nDiversificare il pesce che consumi garantisce una pressione pi\u00f9 bilanciata sulle risorse marine, che favorisce il mantenimento della biodiversit\u00e0, che a sua volta rende gli ecosistemi marini pi\u00f9 forti.<\/div>\n<p>[\/vc_column_text][\/vc_column_inner][\/vc_row_inner][\/vc_column][vc_column width=&#8221;1\/4&#8243;][\/vc_column][\/vc_row][vc_row full_width=&#8221;stretch_row_content&#8221; css=&#8221;.vc_custom_1554212999083{margin-top: 50px !important;}&#8221;][vc_column width=&#8221;1\/5&#8243;][\/vc_column][vc_column width=&#8221;3\/5&#8243;][vc_row_inner][vc_column_inner width=&#8221;1\/2&#8243;][vc_column_text]<\/p>\n<h3><strong>VERDESCA<\/strong><br \/>\n<em>Prionace glauca<\/em><\/h3>\n<p>DA EVITARE[\/vc_column_text][vc_single_image image=&#8221;2776&#8243; img_size=&#8221;full&#8221; alignment=&#8221;right&#8221;][\/vc_column_inner][vc_column_inner width=&#8221;1\/2&#8243; css=&#8221;.vc_custom_1554213313181{margin-top: 80px !important;}&#8221;][vc_column_text]<\/p>\n<p style=\"text-align: justify;\"><strong>CARATTERISTICHE DELLA SPECIE<\/strong><br \/>\nLo Squalo Blu \u00e8 cos\u00ec chiamato per la colorazione del suo dorso. In Italia viene chiamato pi\u00f9 comunemente Verdesca o Verdone. Ha una forma snella ed un muso lungo con grandi occhi. Pu\u00f2 raggiungere i 4 m di lunghezza. Vive tra la superficie ed i 150 m di profondit\u00e0 dove caccia piccoli pesci, calamari, totani e pesci pelagici.<br \/>\n<strong>IMPATTI DELLA PESCA<\/strong><br \/>\nLe verdesche sono spesso vittime di cattura accidentale nella pesca dei tonni e pesci spada con i palangari derivanti (lunghe lenze di grosso diametro) lasciati andare alla deriva, con reti a circuizioni o con lenze. Oltre alla pesca per fini commerciali lo squalo \u00e8 anche oggetto di pesca sportiva.<\/p>\n<p>[\/vc_column_text][\/vc_column_inner][\/vc_row_inner][vc_empty_space height=&#8221;20px&#8221;][vc_row_inner][vc_column_inner width=&#8221;1\/2&#8243;][vc_column_text]<\/p>\n<h3><strong>TRIGLIA<\/strong><em><br \/>\nMullus barbatus<\/em><\/h3>\n<p>DA EVITARE[\/vc_column_text][vc_single_image image=&#8221;2778&#8243; img_size=&#8221;full&#8221;][\/vc_column_inner][vc_column_inner width=&#8221;1\/2&#8243; css=&#8221;.vc_custom_1554213326679{margin-top: 80px !important;}&#8221;][vc_column_text]<\/p>\n<p style=\"text-align: justify;\"><strong>CARATTERISTICHE DELLA SPECIE<\/strong><br \/>\n\u00c8 diffusa nel Mar Mediterraneo, Mar Nero e nell\u2019Atlantico nordorientale. Vive fino a 400 m di profondit\u00e0 sui fondali sabbiosi o fangosi, dove usa i due tipici \u201cbarbigli\u201d tattili posti sotto la bocca per rovistare i sedimenti e procurarsi le prede di cui si nutre. Il corpo, che pu\u00f2 raggiungere i 25-30 cm di lunghezza, \u00e8 di colore rosa-argento.<\/p>\n<p style=\"text-align: justify;\"><strong>IMPATTO DELLA PESCA<\/strong><br \/>\nLe triglie di fango vengono catturate principalmente con reti a strascico o con reti da posta. Le reti a strascico hanno un\u2019alta percentuale di catture accidentali di giovani pesci, squali e razze e causano gravi danni alle comunit\u00e0 che vivono sui fondali.<\/p>\n<p>[\/vc_column_text][\/vc_column_inner][\/vc_row_inner][vc_empty_space height=&#8221;20px&#8221;][vc_row_inner][vc_column_inner width=&#8221;1\/2&#8243;][vc_column_text]<\/p>\n<h3><strong>NASELLO<\/strong><em><br \/>\nMerluccius spp.<\/em><\/h3>\n<p>DA CONSUMARE RESPONSABILMENTE[\/vc_column_text][vc_single_image image=&#8221;2772&#8243; img_size=&#8221;full&#8221; alignment=&#8221;right&#8221;][\/vc_column_inner][vc_column_inner width=&#8221;1\/2&#8243; css=&#8221;.vc_custom_1554213616620{margin-top: 80px !important;}&#8221;][vc_column_text]<\/p>\n<p style=\"text-align: justify;\"><strong>CARATTERISTICHE DELLA SPECIE<\/strong><br \/>\nEsistono varie specie di nasello che provengono da varie parti del mondo, Mediterraneo, Atlantico e Pacifico. Il nasello vive fino ai 1000 m di profondit\u00e0 e pu\u00f2 raggiungere anche dimensioni di un metro e mezzo. Subisce pesantemente gli effetti di una pesca eccessiva, perch\u00e9 ha una crescita lenta, raggiunge la maturit\u00e0 tardi e alcune sottospecie possono vivere fino a 20 anni.<\/p>\n<p style=\"text-align: justify;\"><strong>IMPATTO DELLA PESCA<\/strong><br \/>\nI naselli sono prevalentemente pescati a strascico, con attivit\u00e0 di pesca che generano un alto tasso di pesca accidentale (circa un terzo della quantit\u00e0 di pesce pescato).<\/p>\n<p>[\/vc_column_text][\/vc_column_inner][\/vc_row_inner][\/vc_column][vc_column width=&#8221;1\/5&#8243;][\/vc_column][\/vc_row][vc_row][vc_column][vc_empty_space height=&#8221;50px&#8221;][\/vc_column][\/vc_row][vc_row][vc_column][vc_empty_space height=&#8221;50px&#8221;][\/vc_column][\/vc_row]<\/p>\n<\/div>","protected":false},"excerpt":{"rendered":"<p>[vc_row full_width=&#8221;stretch_row_content&#8221; full_height=&#8221;yes&#8221; columns_placement=&#8221;bottom&#8221; content_placement=&#8221;bottom&#8221; css=&#8221;.vc_custom_1554210707473{border-top-width: 0px !important;border-right-width: 20px !important;border-bottom-width: 20px !important;border-left-width: 20px !important;background: #005980 url(https:\/\/www.sensitivefabrics.it\/wp-content\/uploads\/2019\/04\/savingoursea.jpg?id=2750) !important;background-position: center !important;background-repeat: no-repeat !important;background-size: cover !important;border-left-color: #ffffff !important;border-left-style: solid !important;border-right-color: #ffffff !important;border-right-style: solid !important;border-top-color: #ffffff !important;border-top-style: solid !important;border-bottom-color: #ffffff !important;border-bottom-style: solid !important;}&#8221;][vc_column width=&#8221;1\/12&#8243; css=&#8221;.vc_custom_1537621999171{margin-bottom: 50px !important;}&#8221;][\/vc_column][vc_column width=&#8221;11\/12&#8243;][vc_custom_heading text=&#8221;SALVARE IL NOSTRO MARE DIPENDE DA QUELLO CHE MANGIAMO&#8221; font_container=&#8221;tag:h1|text_align:left&#8221; use_theme_fonts=&#8221;yes&#8221; &hellip; <a href=\"https:\/\/www.sensitivefabrics.it\/it\/saving-our-sea\/\">Continued<\/a><\/p>\n","protected":false},"author":1,"featured_media":0,"parent":0,"menu_order":0,"comment_status":"closed","ping_status":"closed","template":"template-page-vc.php","meta":{"_acf_changed":false,"inline_featured_image":false,"footnotes":""},"class_list":["post-2913","page","type-page","status-publish","hentry"],"acf":[],"yoast_head":"<!-- This site is optimized with the Yoast SEO plugin v27.3 - https:\/\/yoast.com\/product\/yoast-seo-wordpress\/ -->\n<title>Saving our sea - Sensitive\u00ae Fabrics<\/title>\n<meta name=\"robots\" content=\"index, follow, max-snippet:-1, max-image-preview:large, max-video-preview:-1\" \/>\n<link rel=\"canonical\" href=\"https:\/\/www.sensitivefabrics.it\/it\/saving-our-sea\/\" \/>\n<meta property=\"og:locale\" content=\"it_IT\" \/>\n<meta property=\"og:type\" content=\"article\" \/>\n<meta property=\"og:title\" content=\"Saving our sea - Sensitive\u00ae Fabrics\" \/>\n<meta property=\"og:description\" content=\"[vc_row full_width=&#8221;stretch_row_content&#8221; full_height=&#8221;yes&#8221; columns_placement=&#8221;bottom&#8221; content_placement=&#8221;bottom&#8221; css=&#8221;.vc_custom_1554210707473{border-top-width: 0px !important;border-right-width: 20px !important;border-bottom-width: 20px !important;border-left-width: 20px !important;background: #005980 url(https:\/\/www.sensitivefabrics.it\/wp-content\/uploads\/2019\/04\/savingoursea.jpg?id=2750) !important;background-position: center !important;background-repeat: no-repeat !important;background-size: cover !important;border-left-color: #ffffff !important;border-left-style: solid !important;border-right-color: #ffffff !important;border-right-style: solid !important;border-top-color: #ffffff !important;border-top-style: solid !important;border-bottom-color: #ffffff !important;border-bottom-style: solid !important;}&#8221;][vc_column width=&#8221;1\/12&#8243; css=&#8221;.vc_custom_1537621999171{margin-bottom: 50px !important;}&#8221;][\/vc_column][vc_column width=&#8221;11\/12&#8243;][vc_custom_heading text=&#8221;SALVARE IL NOSTRO MARE DIPENDE DA QUELLO CHE MANGIAMO&#8221; font_container=&#8221;tag:h1|text_align:left&#8221; use_theme_fonts=&#8221;yes&#8221; &hellip; Continued\" \/>\n<meta property=\"og:url\" content=\"https:\/\/www.sensitivefabrics.it\/it\/saving-our-sea\/\" \/>\n<meta property=\"og:site_name\" content=\"Sensitive\u00ae Fabrics\" \/>\n<meta property=\"article:publisher\" content=\"https:\/\/www.facebook.com\/sensitive.fabrics\/\" \/>\n<meta property=\"article:modified_time\" content=\"2019-05-23T08:54:49+00:00\" \/>\n<meta property=\"og:image\" content=\"https:\/\/www.sensitivefabrics.it\/wp-content\/uploads\/2018\/12\/Sensitive-Fabrics-Logo-Nero-Web.png\" \/>\n\t<meta property=\"og:image:width\" content=\"320\" \/>\n\t<meta property=\"og:image:height\" content=\"150\" \/>\n\t<meta property=\"og:image:type\" content=\"image\/png\" \/>\n<meta name=\"twitter:card\" content=\"summary_large_image\" \/>\n<meta name=\"twitter:label1\" content=\"Tempo di lettura stimato\" \/>\n\t<meta name=\"twitter:data1\" content=\"8 minuti\" \/>\n<script type=\"application\/ld+json\" class=\"yoast-schema-graph\">{\"@context\":\"https:\\\/\\\/schema.org\",\"@graph\":[{\"@type\":\"WebPage\",\"@id\":\"https:\\\/\\\/www.sensitivefabrics.it\\\/it\\\/saving-our-sea\\\/\",\"url\":\"https:\\\/\\\/www.sensitivefabrics.it\\\/it\\\/saving-our-sea\\\/\",\"name\":\"Saving our sea - Sensitive\u00ae Fabrics\",\"isPartOf\":{\"@id\":\"https:\\\/\\\/www.sensitivefabrics.it\\\/it\\\/#website\"},\"datePublished\":\"2019-01-30T11:18:22+00:00\",\"dateModified\":\"2019-05-23T08:54:49+00:00\",\"breadcrumb\":{\"@id\":\"https:\\\/\\\/www.sensitivefabrics.it\\\/it\\\/saving-our-sea\\\/#breadcrumb\"},\"inLanguage\":\"it-IT\",\"potentialAction\":[{\"@type\":\"ReadAction\",\"target\":[\"https:\\\/\\\/www.sensitivefabrics.it\\\/it\\\/saving-our-sea\\\/\"]}]},{\"@type\":\"BreadcrumbList\",\"@id\":\"https:\\\/\\\/www.sensitivefabrics.it\\\/it\\\/saving-our-sea\\\/#breadcrumb\",\"itemListElement\":[{\"@type\":\"ListItem\",\"position\":1,\"name\":\"Home\",\"item\":\"https:\\\/\\\/www.sensitivefabrics.it\\\/it\\\/\"},{\"@type\":\"ListItem\",\"position\":2,\"name\":\"Saving our sea\"}]},{\"@type\":\"WebSite\",\"@id\":\"https:\\\/\\\/www.sensitivefabrics.it\\\/it\\\/#website\",\"url\":\"https:\\\/\\\/www.sensitivefabrics.it\\\/it\\\/\",\"name\":\"Sensitive\u00ae Fabrics\",\"description\":\"Sensitive\u00ae Fabrics: high quality warp-knit fabrics made in Italy - Eurojersey\",\"publisher\":{\"@id\":\"https:\\\/\\\/www.sensitivefabrics.it\\\/it\\\/#organization\"},\"potentialAction\":[{\"@type\":\"SearchAction\",\"target\":{\"@type\":\"EntryPoint\",\"urlTemplate\":\"https:\\\/\\\/www.sensitivefabrics.it\\\/it\\\/?s={search_term_string}\"},\"query-input\":{\"@type\":\"PropertyValueSpecification\",\"valueRequired\":true,\"valueName\":\"search_term_string\"}}],\"inLanguage\":\"it-IT\"},{\"@type\":\"Organization\",\"@id\":\"https:\\\/\\\/www.sensitivefabrics.it\\\/it\\\/#organization\",\"name\":\"Eurojersey S.p.A.\",\"url\":\"https:\\\/\\\/www.sensitivefabrics.it\\\/it\\\/\",\"logo\":{\"@type\":\"ImageObject\",\"inLanguage\":\"it-IT\",\"@id\":\"https:\\\/\\\/www.sensitivefabrics.it\\\/it\\\/#\\\/schema\\\/logo\\\/image\\\/\",\"url\":\"https:\\\/\\\/www.sensitivefabrics.it\\\/wp-content\\\/uploads\\\/2018\\\/12\\\/logo-ej.png\",\"contentUrl\":\"https:\\\/\\\/www.sensitivefabrics.it\\\/wp-content\\\/uploads\\\/2018\\\/12\\\/logo-ej.png\",\"width\":300,\"height\":62,\"caption\":\"Eurojersey S.p.A.\"},\"image\":{\"@id\":\"https:\\\/\\\/www.sensitivefabrics.it\\\/it\\\/#\\\/schema\\\/logo\\\/image\\\/\"},\"sameAs\":[\"https:\\\/\\\/www.facebook.com\\\/sensitive.fabrics\\\/\",\"https:\\\/\\\/www.instagram.com\\\/sensitivefabrics\\\/?hl=it\",\"https:\\\/\\\/www.linkedin.com\\\/company\\\/eurojersey-s-p-a-\",\"https:\\\/\\\/www.youtube.com\\\/user\\\/SensitiveFabrics\"]}]}<\/script>\n<!-- \/ Yoast SEO plugin. -->","yoast_head_json":{"title":"Saving our sea - Sensitive\u00ae Fabrics","robots":{"index":"index","follow":"follow","max-snippet":"max-snippet:-1","max-image-preview":"max-image-preview:large","max-video-preview":"max-video-preview:-1"},"canonical":"https:\/\/www.sensitivefabrics.it\/it\/saving-our-sea\/","og_locale":"it_IT","og_type":"article","og_title":"Saving our sea - Sensitive\u00ae Fabrics","og_description":"[vc_row full_width=&#8221;stretch_row_content&#8221; full_height=&#8221;yes&#8221; columns_placement=&#8221;bottom&#8221; content_placement=&#8221;bottom&#8221; css=&#8221;.vc_custom_1554210707473{border-top-width: 0px !important;border-right-width: 20px !important;border-bottom-width: 20px !important;border-left-width: 20px !important;background: #005980 url(https:\/\/www.sensitivefabrics.it\/wp-content\/uploads\/2019\/04\/savingoursea.jpg?id=2750) !important;background-position: center !important;background-repeat: no-repeat !important;background-size: cover !important;border-left-color: #ffffff !important;border-left-style: solid !important;border-right-color: #ffffff !important;border-right-style: solid !important;border-top-color: #ffffff !important;border-top-style: solid !important;border-bottom-color: #ffffff !important;border-bottom-style: solid !important;}&#8221;][vc_column width=&#8221;1\/12&#8243; css=&#8221;.vc_custom_1537621999171{margin-bottom: 50px !important;}&#8221;][\/vc_column][vc_column width=&#8221;11\/12&#8243;][vc_custom_heading text=&#8221;SALVARE IL NOSTRO MARE DIPENDE DA QUELLO CHE MANGIAMO&#8221; font_container=&#8221;tag:h1|text_align:left&#8221; use_theme_fonts=&#8221;yes&#8221; &hellip; Continued","og_url":"https:\/\/www.sensitivefabrics.it\/it\/saving-our-sea\/","og_site_name":"Sensitive\u00ae Fabrics","article_publisher":"https:\/\/www.facebook.com\/sensitive.fabrics\/","article_modified_time":"2019-05-23T08:54:49+00:00","og_image":[{"width":320,"height":150,"url":"https:\/\/www.sensitivefabrics.it\/wp-content\/uploads\/2018\/12\/Sensitive-Fabrics-Logo-Nero-Web.png","type":"image\/png"}],"twitter_card":"summary_large_image","twitter_misc":{"Tempo di lettura stimato":"8 minuti"},"schema":{"@context":"https:\/\/schema.org","@graph":[{"@type":"WebPage","@id":"https:\/\/www.sensitivefabrics.it\/it\/saving-our-sea\/","url":"https:\/\/www.sensitivefabrics.it\/it\/saving-our-sea\/","name":"Saving our sea - Sensitive\u00ae Fabrics","isPartOf":{"@id":"https:\/\/www.sensitivefabrics.it\/it\/#website"},"datePublished":"2019-01-30T11:18:22+00:00","dateModified":"2019-05-23T08:54:49+00:00","breadcrumb":{"@id":"https:\/\/www.sensitivefabrics.it\/it\/saving-our-sea\/#breadcrumb"},"inLanguage":"it-IT","potentialAction":[{"@type":"ReadAction","target":["https:\/\/www.sensitivefabrics.it\/it\/saving-our-sea\/"]}]},{"@type":"BreadcrumbList","@id":"https:\/\/www.sensitivefabrics.it\/it\/saving-our-sea\/#breadcrumb","itemListElement":[{"@type":"ListItem","position":1,"name":"Home","item":"https:\/\/www.sensitivefabrics.it\/it\/"},{"@type":"ListItem","position":2,"name":"Saving our sea"}]},{"@type":"WebSite","@id":"https:\/\/www.sensitivefabrics.it\/it\/#website","url":"https:\/\/www.sensitivefabrics.it\/it\/","name":"Sensitive\u00ae Fabrics","description":"Sensitive\u00ae Fabrics: high quality warp-knit fabrics made in Italy - Eurojersey","publisher":{"@id":"https:\/\/www.sensitivefabrics.it\/it\/#organization"},"potentialAction":[{"@type":"SearchAction","target":{"@type":"EntryPoint","urlTemplate":"https:\/\/www.sensitivefabrics.it\/it\/?s={search_term_string}"},"query-input":{"@type":"PropertyValueSpecification","valueRequired":true,"valueName":"search_term_string"}}],"inLanguage":"it-IT"},{"@type":"Organization","@id":"https:\/\/www.sensitivefabrics.it\/it\/#organization","name":"Eurojersey S.p.A.","url":"https:\/\/www.sensitivefabrics.it\/it\/","logo":{"@type":"ImageObject","inLanguage":"it-IT","@id":"https:\/\/www.sensitivefabrics.it\/it\/#\/schema\/logo\/image\/","url":"https:\/\/www.sensitivefabrics.it\/wp-content\/uploads\/2018\/12\/logo-ej.png","contentUrl":"https:\/\/www.sensitivefabrics.it\/wp-content\/uploads\/2018\/12\/logo-ej.png","width":300,"height":62,"caption":"Eurojersey S.p.A."},"image":{"@id":"https:\/\/www.sensitivefabrics.it\/it\/#\/schema\/logo\/image\/"},"sameAs":["https:\/\/www.facebook.com\/sensitive.fabrics\/","https:\/\/www.instagram.com\/sensitivefabrics\/?hl=it","https:\/\/www.linkedin.com\/company\/eurojersey-s-p-a-","https:\/\/www.youtube.com\/user\/SensitiveFabrics"]}]}},"_links":{"self":[{"href":"https:\/\/www.sensitivefabrics.it\/it\/wp-json\/wp\/v2\/pages\/2913","targetHints":{"allow":["GET"]}}],"collection":[{"href":"https:\/\/www.sensitivefabrics.it\/it\/wp-json\/wp\/v2\/pages"}],"about":[{"href":"https:\/\/www.sensitivefabrics.it\/it\/wp-json\/wp\/v2\/types\/page"}],"author":[{"embeddable":true,"href":"https:\/\/www.sensitivefabrics.it\/it\/wp-json\/wp\/v2\/users\/1"}],"replies":[{"embeddable":true,"href":"https:\/\/www.sensitivefabrics.it\/it\/wp-json\/wp\/v2\/comments?post=2913"}],"version-history":[{"count":0,"href":"https:\/\/www.sensitivefabrics.it\/it\/wp-json\/wp\/v2\/pages\/2913\/revisions"}],"wp:attachment":[{"href":"https:\/\/www.sensitivefabrics.it\/it\/wp-json\/wp\/v2\/media?parent=2913"}],"curies":[{"name":"wp","href":"https:\/\/api.w.org\/{rel}","templated":true}]}}