{"id":2930,"date":"2019-05-22T21:02:29","date_gmt":"2019-05-22T19:02:29","guid":{"rendered":"https:\/\/www.sensitivefabrics.it\/wwf-2\/"},"modified":"2021-01-08T10:29:21","modified_gmt":"2021-01-08T09:29:21","slug":"wwf","status":"publish","type":"page","link":"https:\/\/www.sensitivefabrics.it\/it\/wwf\/","title":{"rendered":"WWF"},"content":{"rendered":"<div class=\"wpb-content-wrapper\"><p>[vc_row full_width=&#8221;stretch_row_content&#8221; full_height=&#8221;yes&#8221; columns_placement=&#8221;bottom&#8221; content_placement=&#8221;bottom&#8221; css=&#8221;.vc_custom_1538726869530{border-top-width: 0px !important;border-right-width: 20px !important;border-bottom-width: 20px !important;border-left-width: 20px !important;background-image: url(https:\/\/www.sensitivefabrics.it\/wp-content\/uploads\/2018\/07\/wwf_hp-1.jpg?id=356) !important;background-position: center !important;background-repeat: no-repeat !important;background-size: cover !important;border-left-color: #ffffff !important;border-left-style: solid !important;border-right-color: #ffffff !important;border-right-style: solid !important;border-top-color: #ffffff !important;border-top-style: solid !important;border-bottom-color: #ffffff !important;border-bottom-style: solid !important;}&#8221;][vc_column width=&#8221;1\/12&#8243; css=&#8221;.vc_custom_1537621999171{margin-bottom: 50px !important;}&#8221;][\/vc_column][vc_column width=&#8221;11\/12&#8243;][vc_custom_heading text=&#8221;EUROJERSEY<br \/>\nE WWF ITALIA&#8221; font_container=&#8221;tag:h1|text_align:left&#8221; use_theme_fonts=&#8221;yes&#8221; el_class=&#8221;ej-vc-h1&#8243; css=&#8221;.vc_custom_1558600872997{margin-bottom: 50px !important;}&#8221;][\/vc_column][\/vc_row][vc_row full_width=&#8221;stretch_row_content&#8221; disable_element=&#8221;yes&#8221;][vc_column][vc_empty_space height=&#8221;50&#8243;][vc_row_inner][vc_column_inner width=&#8221;2\/12&#8243;][\/vc_column_inner][vc_column_inner width=&#8221;3\/12&#8243; css=&#8221;.vc_custom_1537623314588{padding-right: 10px !important;padding-left: 10px !important;}&#8221;][vc_custom_heading text=&#8221;La nuova<br \/>\npartnership&#8221; use_theme_fonts=&#8221;yes&#8221; el_class=&#8221;ej-vc-h2&#8243;][vc_empty_space height=&#8221;15&#8243;][vc_single_image image=&#8221;357&#8243; img_size=&#8221;medium&#8221;][\/vc_column_inner][vc_column_inner width=&#8221;5\/12&#8243;][vc_column_text]<\/p>\n<p style=\"text-align: justify;\">Oggi la partnership dell\u2019azienda con WWF Italia prosegue attraverso una collaborazione sul tema dell\u2019acqua come risorsa del pianeta, che si concretizza in molteplici attivit\u00e0 come il calcolo dell\u2019impronta idrica dei tessuti <strong>Sensitive\u00ae Fabrics<\/strong>, il problema della plastica nell\u2019acqua di mare e un campagna per aumentare la consapevolezza della pesca sostenibile e la protezione degli squali con il progetto #SafeSharks, come indicatori di ecosistemi marini sani.<\/p>\n<p>[\/vc_column_text][\/vc_column_inner][vc_column_inner width=&#8221;2\/12&#8243;][\/vc_column_inner][\/vc_row_inner][vc_empty_space height=&#8221;50&#8243;][\/vc_column][\/vc_row][vc_row full_width=&#8221;stretch_row_content&#8221;][vc_column][vc_empty_space height=&#8221;50&#8243;][vc_row_inner][vc_column_inner width=&#8221;2\/12&#8243;][\/vc_column_inner][vc_column_inner width=&#8221;3\/12&#8243; css=&#8221;.vc_custom_1537623314588{padding-right: 10px !important;padding-left: 10px !important;}&#8221;][vc_custom_heading text=&#8221;La nuova<br \/>\npartnership&#8221; use_theme_fonts=&#8221;yes&#8221; el_class=&#8221;ej-vc-h2&#8243;][vc_empty_space height=&#8221;15&#8243;][vc_single_image image=&#8221;4334&#8243; img_size=&#8221;medium&#8221;][\/vc_column_inner][vc_column_inner width=&#8221;5\/12&#8243;][vc_column_text]<\/p>\n<p style=\"text-align: justify;\"><span lang=\"EN-US\">Il nuovo progetto di EUROJERSEY con WWF Italia si concentra sulla tutela dell\u2019acqua del nostro territorio con una campagna di sensibilizzazione per la protezione dei nostri fiumi.<\/span><\/p>\n<p>[\/vc_column_text][vc_btn title=&#8221;LEGGI DI PI\u00d9 QUI&#8221; style=&#8221;outline-custom&#8221; outline_custom_color=&#8221;#020202&#8243; outline_custom_hover_background=&#8221;#020202&#8243; outline_custom_hover_text=&#8221;#ffffff&#8221; shape=&#8221;square&#8221; link=&#8221;url:https%3A%2F%2Fwww.sensitivefabrics.it%2Fit%2Flo-sai-che%2F|title:Lo%20sai&#8221;][\/vc_column_inner][vc_column_inner width=&#8221;2\/12&#8243;][\/vc_column_inner][\/vc_row_inner][vc_empty_space height=&#8221;50&#8243;][\/vc_column][\/vc_row][vc_row full_width=&#8221;stretch_row_content&#8221;][vc_column width=&#8221;2\/12&#8243;][\/vc_column][vc_column width=&#8221;5\/12&#8243;][vc_row_inner][vc_column_inner][vc_single_image image=&#8221;3659&#8243; img_size=&#8221;full&#8221;][\/vc_column_inner][\/vc_row_inner][\/vc_column][vc_column width=&#8221;3\/12&#8243;][vc_custom_heading text=&#8221;L&#8217;acqua come risorsa<br \/>\ndel pianeta&#8221; use_theme_fonts=&#8221;yes&#8221; el_class=&#8221;ej-vc-h2&#8243;][vc_empty_space][vc_column_text]<\/p>\n<p style=\"text-align: justify;\">La vita ha bisogno di acqua. \u00c8 la risorsa pi\u00f9 preziosa sulla terra da cui dipende la popolazione e tutta la vita sulla terra.<\/p>\n<p style=\"text-align: justify;\">EUROJERSEY sostiene WWF Italia per tutelare il nostro territorio, in particolare le oasi sono il progetto di conservazione della natura pi\u00f9 importante di WWF Italia per proteggere la biodiversit\u00e0 e gli habitat minacciati.<\/p>\n<p>[\/vc_column_text][vc_btn title=&#8221;SCOPRI IL PROGETTO&#8221; style=&#8221;outline-custom&#8221; outline_custom_color=&#8221;#020202&#8243; outline_custom_hover_background=&#8221;#020202&#8243; outline_custom_hover_text=&#8221;#ffffff&#8221; shape=&#8221;square&#8221; link=&#8221;url:https%3A%2F%2Fwww.sensitivefabrics.it%2Fit%2Fwater-as-resource%2F|||&#8221;][\/vc_column][vc_column width=&#8221;2\/12&#8243;][\/vc_column][\/vc_row][vc_row][vc_column][vc_empty_space height=&#8221;50px&#8221;][\/vc_column][\/vc_row][vc_row full_width=&#8221;stretch_row_content&#8221;][vc_column width=&#8221;2\/12&#8243;][\/vc_column][vc_column width=&#8221;3\/12&#8243;][vc_custom_heading text=&#8221;Salvare il nostro mare dipende da quello che mangiamo&#8221; use_theme_fonts=&#8221;yes&#8221; el_class=&#8221;ej-vc-h2&#8243;][vc_empty_space][vc_column_text]<\/p>\n<p style=\"text-align: justify;\"><span lang=\"EN-US\">La pesca \u00e8 un&#8217;attivit\u00e0 umana che provoca un impatto sugli ecosistemi marini non trascurabile, pu\u00f2 causare il declino delle popolazioni ittiche che determina l&#8217;estinzione locale di una specie. EUROJERSEY sostiene il WWF Italia nel promuovere il consumo di pesce in modo pi\u00f9 responsabile.<br \/>\n<\/span><\/p>\n<p>[\/vc_column_text][vc_btn title=&#8221;LEGGI LA STORIA&#8221; style=&#8221;outline-custom&#8221; outline_custom_color=&#8221;#020202&#8243; outline_custom_hover_background=&#8221;#020202&#8243; outline_custom_hover_text=&#8221;#ffffff&#8221; shape=&#8221;square&#8221; link=&#8221;url:https%3A%2F%2Fwww.sensitivefabrics.it%2Fit%2Fsaving-our-sea%2F|||&#8221;][\/vc_column][vc_column width=&#8221;5\/12&#8243;][vc_row_inner][vc_column_inner][vc_single_image image=&#8221;2925&#8243; img_size=&#8221;full&#8221;][\/vc_column_inner][\/vc_row_inner][\/vc_column][vc_column width=&#8221;2\/12&#8243;][\/vc_column][\/vc_row][vc_row][vc_column][vc_empty_space height=&#8221;50px&#8221;][\/vc_column][\/vc_row][vc_row full_width=&#8221;stretch_row_content&#8221;][vc_column width=&#8221;2\/12&#8243;][\/vc_column][vc_column width=&#8221;5\/12&#8243;][vc_single_image image=&#8221;723&#8243; img_size=&#8221;full&#8221;][\/vc_column][vc_column width=&#8221;3\/12&#8243;][vc_row_inner][vc_column_inner][vc_custom_heading text=&#8221;Insieme per il Mediterraneo&#8221; use_theme_fonts=&#8221;yes&#8221; el_class=&#8221;ej-vc-h2&#8243;][vc_empty_space][vc_column_text]<\/p>\n<p style=\"text-align: justify;\"><span lang=\"EN-US\">EUROJERSEY ha iniziato la collaborazione con WWF Italia nel 2015 con la &#8220;Mediterranean Initiative&#8221; a tutela del Mar Mediterraneo dove una variet\u00e0 di ambienti naturali e animali sono minacciati. In particolare la collaborazione si \u00e8 concentrata sulla salvaguardia della tartaruga marina Caretta caretta, la specie pi\u00f9 popolare nel Mar Mediterraneo, a rischio di estinzione per essere pescata accidentalmente e ritenuta una preda facile durante gli spostamenti dalla spiaggia al mare.<\/span><\/p>\n<p>[\/vc_column_text][\/vc_column_inner][\/vc_row_inner][\/vc_column][vc_column width=&#8221;2\/12&#8243;][\/vc_column][\/vc_row][vc_row][vc_column][vc_empty_space height=&#8221;50px&#8221;][\/vc_column][\/vc_row][vc_row full_width=&#8221;stretch_row_content&#8221;][vc_column width=&#8221;2\/12&#8243;][\/vc_column][vc_column width=&#8221;3\/12&#8243;][vc_custom_heading text=&#8221;Eurojersey festeggia<br \/>\n50 anni di WWF Italia&#8221; use_theme_fonts=&#8221;yes&#8221; el_class=&#8221;ej-vc-h2&#8243;][vc_empty_space][vc_column_text]<\/p>\n<p style=\"text-align: justify;\">In occasione del 50\u00b0 di WWF ITALIA, EUROJERSEY ha consegnato una maglietta celebrativa realizzata con i tessuti <strong>Sensitive\u00ae Fabrics<\/strong> a tutto il personale delle Oasi del WWF e a tutti i volontari che lavorano in tutto il paese, per sottolineare i vantaggi del riutilizzo e del riciclaggio delle risorse.<\/p>\n<p>[\/vc_column_text][\/vc_column][vc_column width=&#8221;5\/12&#8243;][vc_row_inner][vc_column_inner][vc_single_image image=&#8221;737&#8243; img_size=&#8221;full&#8221; onclick=&#8221;zoom&#8221;][\/vc_column_inner][\/vc_row_inner][\/vc_column][vc_column width=&#8221;2\/12&#8243;][\/vc_column][\/vc_row][vc_row][vc_column][vc_empty_space height=&#8221;100px&#8221;][\/vc_column][\/vc_row][vc_row full_width=&#8221;stretch_row_content&#8221; disable_element=&#8221;yes&#8221;][vc_column width=&#8221;2\/12&#8243;][\/vc_column][vc_column width=&#8221;5\/12&#8243;][vc_row_inner][vc_column_inner][vc_single_image image=&#8221;2925&#8243; img_size=&#8221;full&#8221;][\/vc_column_inner][\/vc_row_inner][\/vc_column][vc_column width=&#8221;3\/12&#8243;][vc_custom_heading text=&#8221;Salvare il nostro mare dipende da quello che mangiamo&#8221; use_theme_fonts=&#8221;yes&#8221; el_class=&#8221;ej-vc-h2&#8243;][vc_empty_space][vc_column_text]<\/p>\n<p style=\"text-align: justify;\"><span lang=\"EN-US\">La pesca \u00e8 un&#8217;attivit\u00e0 umana che provoca un impatto sugli ecosistemi marini non trascurabile, pu\u00f2 causare il declino delle popolazioni ittiche che determina l&#8217;estinzione locale di una specie. EUROJERSEY sostiene il WWF Italia nel promuovere il consumo di pesce in modo pi\u00f9 responsabile.<br \/>\n<\/span><\/p>\n<p>[\/vc_column_text][vc_btn title=&#8221;LEGGI LA STORIA&#8221; style=&#8221;outline-custom&#8221; outline_custom_color=&#8221;#020202&#8243; outline_custom_hover_background=&#8221;#020202&#8243; outline_custom_hover_text=&#8221;#ffffff&#8221; shape=&#8221;square&#8221; link=&#8221;url:https%3A%2F%2Fwww.sensitivefabrics.it%2Fit%2Fsaving-our-sea%2F|||&#8221;][\/vc_column][vc_column width=&#8221;2\/12&#8243;][\/vc_column][\/vc_row][vc_row disable_element=&#8221;yes&#8221;][vc_column][vc_empty_space height=&#8221;50px&#8221;][\/vc_column][\/vc_row][vc_row full_width=&#8221;stretch_row_content&#8221; disable_element=&#8221;yes&#8221;][vc_column width=&#8221;2\/12&#8243;][\/vc_column][vc_column width=&#8221;3\/12&#8243;][vc_row_inner][vc_column_inner][vc_custom_heading text=&#8221;Insieme per il Mediterraneo&#8221; use_theme_fonts=&#8221;yes&#8221; el_class=&#8221;ej-vc-h2&#8243;][vc_empty_space][vc_column_text]<\/p>\n<p style=\"text-align: justify;\"><span lang=\"EN-US\">EUROJERSEY ha iniziato la collaborazione con WWF Italia nel 2015 con la &#8220;Mediterranean Initiative&#8221; a tutela del Mar Mediterraneo dove una variet\u00e0 di ambienti naturali e animali sono minacciati. In particolare la collaborazione si \u00e8 concentrata sulla salvaguardia della tartaruga marina Caretta caretta, la specie pi\u00f9 popolare nel Mar Mediterraneo, a rischio di estinzione per essere pescata accidentalmente e ritenuta una preda facile durante gli spostamenti dalla spiaggia al mare.<\/span><\/p>\n<p>[\/vc_column_text][\/vc_column_inner][\/vc_row_inner][\/vc_column][vc_column width=&#8221;5\/12&#8243;][vc_single_image image=&#8221;723&#8243; img_size=&#8221;full&#8221;][\/vc_column][vc_column width=&#8221;2\/12&#8243;][\/vc_column][\/vc_row][vc_row disable_element=&#8221;yes&#8221;][vc_column][vc_empty_space height=&#8221;50px&#8221;][\/vc_column][\/vc_row][vc_row full_width=&#8221;stretch_row_content&#8221; disable_element=&#8221;yes&#8221;][vc_column width=&#8221;2\/12&#8243;][\/vc_column][vc_column width=&#8221;5\/12&#8243;][vc_row_inner][vc_column_inner][vc_single_image image=&#8221;737&#8243; img_size=&#8221;full&#8221; onclick=&#8221;zoom&#8221;][\/vc_column_inner][\/vc_row_inner][\/vc_column][vc_column width=&#8221;3\/12&#8243;][vc_custom_heading text=&#8221;Eurojersey festeggia<br \/>\n50 anni di WWF Italia&#8221; use_theme_fonts=&#8221;yes&#8221; el_class=&#8221;ej-vc-h2&#8243;][vc_empty_space][vc_column_text]In occasione del 50\u00b0 di WWF ITALIA, EUROJERSEY ha consegnato una maglietta celebrativa realizzata con i tessuti <strong>Sensitive\u00ae Fabrics<\/strong> a tutto il personale delle Oasi del WWF e a tutti i volontari che lavorano in tutto il paese, per sottolineare i vantaggi del riutilizzo e del riciclaggio delle risorse.[\/vc_column_text][\/vc_column][vc_column width=&#8221;2\/12&#8243;][\/vc_column][\/vc_row][vc_row disable_element=&#8221;yes&#8221;][vc_column][vc_empty_space height=&#8221;100px&#8221;][\/vc_column][\/vc_row]<\/p>\n<\/div>","protected":false},"excerpt":{"rendered":"<p>[vc_row full_width=&#8221;stretch_row_content&#8221; full_height=&#8221;yes&#8221; columns_placement=&#8221;bottom&#8221; content_placement=&#8221;bottom&#8221; css=&#8221;.vc_custom_1538726869530{border-top-width: 0px !important;border-right-width: 20px !important;border-bottom-width: 20px !important;border-left-width: 20px !important;background-image: url(https:\/\/www.sensitivefabrics.it\/wp-content\/uploads\/2018\/07\/wwf_hp-1.jpg?id=356) !important;background-position: center !important;background-repeat: no-repeat !important;background-size: cover !important;border-left-color: #ffffff !important;border-left-style: solid !important;border-right-color: #ffffff !important;border-right-style: solid !important;border-top-color: #ffffff !important;border-top-style: solid !important;border-bottom-color: #ffffff !important;border-bottom-style: solid !important;}&#8221;][vc_column width=&#8221;1\/12&#8243; css=&#8221;.vc_custom_1537621999171{margin-bottom: 50px !important;}&#8221;][\/vc_column][vc_column width=&#8221;11\/12&#8243;][vc_custom_heading text=&#8221;EUROJERSEY E WWF ITALIA&#8221; font_container=&#8221;tag:h1|text_align:left&#8221; use_theme_fonts=&#8221;yes&#8221; el_class=&#8221;ej-vc-h1&#8243; css=&#8221;.vc_custom_1558600872997{margin-bottom: 50px !important;}&#8221;][\/vc_column][\/vc_row][vc_row full_width=&#8221;stretch_row_content&#8221; disable_element=&#8221;yes&#8221;][vc_column][vc_empty_space &hellip; <a href=\"https:\/\/www.sensitivefabrics.it\/it\/wwf\/\">Continued<\/a><\/p>\n","protected":false},"author":1,"featured_media":0,"parent":0,"menu_order":0,"comment_status":"closed","ping_status":"closed","template":"template-page-vc.php","meta":{"_acf_changed":false,"inline_featured_image":false,"footnotes":""},"class_list":["post-2930","page","type-page","status-publish","hentry"],"acf":[],"yoast_head":"<!-- This site is optimized with the Yoast SEO plugin v27.3 - https:\/\/yoast.com\/product\/yoast-seo-wordpress\/ -->\n<title>Eurojersey con WWF Italia - Sensitive\u00ae Fabrics<\/title>\n<meta name=\"description\" content=\"Insieme per l&#039;ambiente dal 2015\" \/>\n<meta name=\"robots\" content=\"index, follow, max-snippet:-1, max-image-preview:large, max-video-preview:-1\" \/>\n<link rel=\"canonical\" href=\"https:\/\/www.sensitivefabrics.it\/it\/wwf\/\" \/>\n<meta property=\"og:locale\" content=\"it_IT\" \/>\n<meta property=\"og:type\" content=\"article\" \/>\n<meta property=\"og:title\" content=\"Eurojersey con WWF Italia - Sensitive\u00ae Fabrics\" \/>\n<meta property=\"og:description\" content=\"Insieme per l&#039;ambiente dal 2015\" \/>\n<meta property=\"og:url\" content=\"https:\/\/www.sensitivefabrics.it\/it\/wwf\/\" \/>\n<meta property=\"og:site_name\" content=\"Sensitive\u00ae Fabrics\" \/>\n<meta property=\"article:publisher\" content=\"https:\/\/www.facebook.com\/sensitive.fabrics\/\" \/>\n<meta property=\"article:modified_time\" content=\"2021-01-08T09:29:21+00:00\" \/>\n<meta property=\"og:image\" content=\"https:\/\/www.sensitivefabrics.it\/wp-content\/uploads\/2018\/12\/Sensitive-Fabrics-Logo-Nero-Web.png\" \/>\n\t<meta property=\"og:image:width\" content=\"320\" \/>\n\t<meta property=\"og:image:height\" content=\"150\" \/>\n\t<meta property=\"og:image:type\" content=\"image\/png\" \/>\n<meta name=\"twitter:card\" content=\"summary_large_image\" \/>\n<meta name=\"twitter:label1\" content=\"Tempo di lettura stimato\" \/>\n\t<meta name=\"twitter:data1\" content=\"8 minuti\" \/>\n<script type=\"application\/ld+json\" class=\"yoast-schema-graph\">{\"@context\":\"https:\\\/\\\/schema.org\",\"@graph\":[{\"@type\":\"WebPage\",\"@id\":\"https:\\\/\\\/www.sensitivefabrics.it\\\/it\\\/wwf\\\/\",\"url\":\"https:\\\/\\\/www.sensitivefabrics.it\\\/it\\\/wwf\\\/\",\"name\":\"Eurojersey con WWF Italia - Sensitive\u00ae Fabrics\",\"isPartOf\":{\"@id\":\"https:\\\/\\\/www.sensitivefabrics.it\\\/it\\\/#website\"},\"datePublished\":\"2019-05-22T19:02:29+00:00\",\"dateModified\":\"2021-01-08T09:29:21+00:00\",\"description\":\"Insieme per l'ambiente dal 2015\",\"breadcrumb\":{\"@id\":\"https:\\\/\\\/www.sensitivefabrics.it\\\/it\\\/wwf\\\/#breadcrumb\"},\"inLanguage\":\"it-IT\",\"potentialAction\":[{\"@type\":\"ReadAction\",\"target\":[\"https:\\\/\\\/www.sensitivefabrics.it\\\/it\\\/wwf\\\/\"]}]},{\"@type\":\"BreadcrumbList\",\"@id\":\"https:\\\/\\\/www.sensitivefabrics.it\\\/it\\\/wwf\\\/#breadcrumb\",\"itemListElement\":[{\"@type\":\"ListItem\",\"position\":1,\"name\":\"Home\",\"item\":\"https:\\\/\\\/www.sensitivefabrics.it\\\/it\\\/\"},{\"@type\":\"ListItem\",\"position\":2,\"name\":\"WWF\"}]},{\"@type\":\"WebSite\",\"@id\":\"https:\\\/\\\/www.sensitivefabrics.it\\\/it\\\/#website\",\"url\":\"https:\\\/\\\/www.sensitivefabrics.it\\\/it\\\/\",\"name\":\"Sensitive\u00ae Fabrics\",\"description\":\"Sensitive\u00ae Fabrics: high quality warp-knit fabrics made in Italy - Eurojersey\",\"publisher\":{\"@id\":\"https:\\\/\\\/www.sensitivefabrics.it\\\/it\\\/#organization\"},\"potentialAction\":[{\"@type\":\"SearchAction\",\"target\":{\"@type\":\"EntryPoint\",\"urlTemplate\":\"https:\\\/\\\/www.sensitivefabrics.it\\\/it\\\/?s={search_term_string}\"},\"query-input\":{\"@type\":\"PropertyValueSpecification\",\"valueRequired\":true,\"valueName\":\"search_term_string\"}}],\"inLanguage\":\"it-IT\"},{\"@type\":\"Organization\",\"@id\":\"https:\\\/\\\/www.sensitivefabrics.it\\\/it\\\/#organization\",\"name\":\"Eurojersey S.p.A.\",\"url\":\"https:\\\/\\\/www.sensitivefabrics.it\\\/it\\\/\",\"logo\":{\"@type\":\"ImageObject\",\"inLanguage\":\"it-IT\",\"@id\":\"https:\\\/\\\/www.sensitivefabrics.it\\\/it\\\/#\\\/schema\\\/logo\\\/image\\\/\",\"url\":\"https:\\\/\\\/www.sensitivefabrics.it\\\/wp-content\\\/uploads\\\/2018\\\/12\\\/logo-ej.png\",\"contentUrl\":\"https:\\\/\\\/www.sensitivefabrics.it\\\/wp-content\\\/uploads\\\/2018\\\/12\\\/logo-ej.png\",\"width\":300,\"height\":62,\"caption\":\"Eurojersey S.p.A.\"},\"image\":{\"@id\":\"https:\\\/\\\/www.sensitivefabrics.it\\\/it\\\/#\\\/schema\\\/logo\\\/image\\\/\"},\"sameAs\":[\"https:\\\/\\\/www.facebook.com\\\/sensitive.fabrics\\\/\",\"https:\\\/\\\/www.instagram.com\\\/sensitivefabrics\\\/?hl=it\",\"https:\\\/\\\/www.linkedin.com\\\/company\\\/eurojersey-s-p-a-\",\"https:\\\/\\\/www.youtube.com\\\/user\\\/SensitiveFabrics\"]}]}<\/script>\n<!-- \/ Yoast SEO plugin. -->","yoast_head_json":{"title":"Eurojersey con WWF Italia - Sensitive\u00ae Fabrics","description":"Insieme per l'ambiente dal 2015","robots":{"index":"index","follow":"follow","max-snippet":"max-snippet:-1","max-image-preview":"max-image-preview:large","max-video-preview":"max-video-preview:-1"},"canonical":"https:\/\/www.sensitivefabrics.it\/it\/wwf\/","og_locale":"it_IT","og_type":"article","og_title":"Eurojersey con WWF Italia - Sensitive\u00ae Fabrics","og_description":"Insieme per l'ambiente dal 2015","og_url":"https:\/\/www.sensitivefabrics.it\/it\/wwf\/","og_site_name":"Sensitive\u00ae Fabrics","article_publisher":"https:\/\/www.facebook.com\/sensitive.fabrics\/","article_modified_time":"2021-01-08T09:29:21+00:00","og_image":[{"width":320,"height":150,"url":"https:\/\/www.sensitivefabrics.it\/wp-content\/uploads\/2018\/12\/Sensitive-Fabrics-Logo-Nero-Web.png","type":"image\/png"}],"twitter_card":"summary_large_image","twitter_misc":{"Tempo di lettura stimato":"8 minuti"},"schema":{"@context":"https:\/\/schema.org","@graph":[{"@type":"WebPage","@id":"https:\/\/www.sensitivefabrics.it\/it\/wwf\/","url":"https:\/\/www.sensitivefabrics.it\/it\/wwf\/","name":"Eurojersey con WWF Italia - Sensitive\u00ae Fabrics","isPartOf":{"@id":"https:\/\/www.sensitivefabrics.it\/it\/#website"},"datePublished":"2019-05-22T19:02:29+00:00","dateModified":"2021-01-08T09:29:21+00:00","description":"Insieme per l'ambiente dal 2015","breadcrumb":{"@id":"https:\/\/www.sensitivefabrics.it\/it\/wwf\/#breadcrumb"},"inLanguage":"it-IT","potentialAction":[{"@type":"ReadAction","target":["https:\/\/www.sensitivefabrics.it\/it\/wwf\/"]}]},{"@type":"BreadcrumbList","@id":"https:\/\/www.sensitivefabrics.it\/it\/wwf\/#breadcrumb","itemListElement":[{"@type":"ListItem","position":1,"name":"Home","item":"https:\/\/www.sensitivefabrics.it\/it\/"},{"@type":"ListItem","position":2,"name":"WWF"}]},{"@type":"WebSite","@id":"https:\/\/www.sensitivefabrics.it\/it\/#website","url":"https:\/\/www.sensitivefabrics.it\/it\/","name":"Sensitive\u00ae Fabrics","description":"Sensitive\u00ae Fabrics: high quality warp-knit fabrics made in Italy - Eurojersey","publisher":{"@id":"https:\/\/www.sensitivefabrics.it\/it\/#organization"},"potentialAction":[{"@type":"SearchAction","target":{"@type":"EntryPoint","urlTemplate":"https:\/\/www.sensitivefabrics.it\/it\/?s={search_term_string}"},"query-input":{"@type":"PropertyValueSpecification","valueRequired":true,"valueName":"search_term_string"}}],"inLanguage":"it-IT"},{"@type":"Organization","@id":"https:\/\/www.sensitivefabrics.it\/it\/#organization","name":"Eurojersey S.p.A.","url":"https:\/\/www.sensitivefabrics.it\/it\/","logo":{"@type":"ImageObject","inLanguage":"it-IT","@id":"https:\/\/www.sensitivefabrics.it\/it\/#\/schema\/logo\/image\/","url":"https:\/\/www.sensitivefabrics.it\/wp-content\/uploads\/2018\/12\/logo-ej.png","contentUrl":"https:\/\/www.sensitivefabrics.it\/wp-content\/uploads\/2018\/12\/logo-ej.png","width":300,"height":62,"caption":"Eurojersey S.p.A."},"image":{"@id":"https:\/\/www.sensitivefabrics.it\/it\/#\/schema\/logo\/image\/"},"sameAs":["https:\/\/www.facebook.com\/sensitive.fabrics\/","https:\/\/www.instagram.com\/sensitivefabrics\/?hl=it","https:\/\/www.linkedin.com\/company\/eurojersey-s-p-a-","https:\/\/www.youtube.com\/user\/SensitiveFabrics"]}]}},"_links":{"self":[{"href":"https:\/\/www.sensitivefabrics.it\/it\/wp-json\/wp\/v2\/pages\/2930","targetHints":{"allow":["GET"]}}],"collection":[{"href":"https:\/\/www.sensitivefabrics.it\/it\/wp-json\/wp\/v2\/pages"}],"about":[{"href":"https:\/\/www.sensitivefabrics.it\/it\/wp-json\/wp\/v2\/types\/page"}],"author":[{"embeddable":true,"href":"https:\/\/www.sensitivefabrics.it\/it\/wp-json\/wp\/v2\/users\/1"}],"replies":[{"embeddable":true,"href":"https:\/\/www.sensitivefabrics.it\/it\/wp-json\/wp\/v2\/comments?post=2930"}],"version-history":[{"count":0,"href":"https:\/\/www.sensitivefabrics.it\/it\/wp-json\/wp\/v2\/pages\/2930\/revisions"}],"wp:attachment":[{"href":"https:\/\/www.sensitivefabrics.it\/it\/wp-json\/wp\/v2\/media?parent=2930"}],"curies":[{"name":"wp","href":"https:\/\/api.w.org\/{rel}","templated":true}]}}