{"id":7083,"date":"2023-05-09T16:28:59","date_gmt":"2023-05-09T14:28:59","guid":{"rendered":"https:\/\/www.sensitivefabrics.it\/achieved-results-2\/"},"modified":"2025-03-23T16:52:38","modified_gmt":"2025-03-23T15:52:38","slug":"risultati-raggiunti","status":"publish","type":"page","link":"https:\/\/www.sensitivefabrics.it\/it\/risultati-raggiunti\/","title":{"rendered":"Risultati raggiunti"},"content":{"rendered":"<div class=\"wpb-content-wrapper\"><p>[vc_row full_width=&#8221;stretch_row_content&#8221;][vc_column][vc_empty_space height=&#8221;150px&#8221;][vc_row_inner][vc_column_inner width=&#8221;2\/12&#8243;][\/vc_column_inner][vc_column_inner width=&#8221;4\/12&#8243; css=&#8221;.vc_custom_1538736954573{margin-right: 0px !important;}&#8221;][vc_single_image image=&#8221;1538&#8243; img_size=&#8221;276&#215;276&#8243; alignment=&#8221;center&#8221;][\/vc_column_inner][vc_column_inner width=&#8221;1\/3&#8243;][vc_empty_space][vc_custom_heading text=&#8221;Risultati raggiunti&#8221; use_theme_fonts=&#8221;yes&#8221; el_class=&#8221;ej-vc-h2&#8243;][vc_column_text css=&#8221;.vc_custom_1684318372061{margin-top: 20px !important;}&#8221;]Controlli rigorosi ci permettono di migliorare le nostre performance di sostenibilit\u00e0 ogni anno grazie alla volont\u00e0 di tutto il team che lavora in Azienda.[\/vc_column_text][\/vc_column_inner][vc_column_inner width=&#8221;1\/12&#8243;][\/vc_column_inner][\/vc_row_inner][vc_row_inner][vc_column_inner][vc_empty_space height=&#8221;50&#8243;][vc_column_text css=&#8221;&#8221;]\n<div class=\"row\"> \n  <div class=\"col-12\">\n\n<div class=\"owl-carousel ejtl2\">\n  <div class=\"ejtl_item\" >\n    <div class=\"ejtl-c\">\n      <strong>1960<\/strong><br>\n    Fondazione di EUROJERSEY come azienda tessile    <\/div>\n   \n    <div class=\"ejtl_row\"><\/div>\n    <div class=\"ejtl_ball\"><i class=\"fas fa-building\"><\/i><\/div>\n    <\/div>\n  <div class=\"ejtl_item\" >  <div class=\"ejtl-c\">\n      <strong>1980-90<\/strong><br>\n      EUROJERSEY investe in ricerca e sviluppo per modernizzare gli impianti produttivi e differenziare il prodotto    <\/div>\n    <div class=\"ejtl_row\"><\/div>\n    <div class=\"ejtl_ball\"><i class=\"fas fa-microscope\"><\/i><\/div>\n     <\/div>\n  \n  <div class=\"ejtl_item\" > \n    <div class=\"ejtl-c\">\n      <strong>1990<\/strong><br>\n      Nascita dei tessuti <strong>Sensitive\u00ae Fabrics<\/strong>, brevetto esclusivo di EUROJERSEY    <\/div>\n    <div class=\"ejtl_row\"><\/div>\n    <div class=\"ejtl_ball ejtl_ball_png\" style=\"background-image: url(https:\/\/www.sensitivefabrics.it\/wp-content\/plugins\/ej-timeline\/img\/rotolo.png);\"><\/div>\n  <\/div> \n  \n  <div class=\"ejtl_item\" > \n    <div class=\"ejtl-c\">\n      <strong>1993<\/strong><br>\n      Lancio dei tessuti <strong>Sensitive\u00ae Fabrics<\/strong> nel settore costumi da bagno. Nello stesso anno l\u2019Azienda entra nel gruppo Carvico    <\/div>\n    <div class=\"ejtl_row\"><\/div>\n    <div class=\"ejtl_ball\"><i class=\"fas fa-swimmer\"><\/i><\/div>\n  <\/div> \n\n  <div class=\"ejtl_item\" > \n    <div class=\"ejtl-c\">\n      <strong>1996<\/strong><br>\n      L\u2019architetto Antonio Citterio ridisegna la sede di EUROJERSEY    <\/div>\n    <div class=\"ejtl_row\"><\/div>\n    <div class=\"ejtl_ball\"><i class=\"fas fa-building\"><\/i><\/div>\n  <\/div> \n\n  <div class=\"ejtl_item\" > \n    <div class=\"ejtl-c\">\n      <strong>2001<\/strong><br>\n      Nasce la divisione EUROJERSEY Hong Kong    <\/div>\n    <div class=\"ejtl_row\"><\/div>\n    <div class=\"ejtl_ball\"><i class=\"fas fa-globe-asia\"><\/i><\/div>\n  <\/div> \n\n  <div class=\"ejtl_item\" > \n    <div class=\"ejtl-c\">\n      <strong>2002<\/strong><br>\n      Lancio dei tessuti <strong>Sensitive\u00ae Fabrics<\/strong> nel settore della lingerie    <\/div>\n    <div class=\"ejtl_row\"><\/div>\n    <div class=\"ejtl_ball ejtl_ball_png\" style=\"background-image: url(https:\/\/www.sensitivefabrics.it\/wp-content\/plugins\/ej-timeline\/img\/completo.png);\"><\/div>\n  <\/div> \n\n  <div class=\"ejtl_item\" > \n    <div class=\"ejtl-c\">\n      <strong>2003<\/strong><br>\n      Viene fondata la divisione EUROJERSEY China    <\/div>\n    <div class=\"ejtl_row\"><\/div>\n    <div class=\"ejtl_ball\"><i class=\"fas fa-globe-asia\"><\/i><\/div>\n  <\/div>\n\n  <div class=\"ejtl_item\" > \n    <div class=\"ejtl-c\">\n      <strong>2005<\/strong><br>\n      Commercializzazione dei tessuti <strong>Sensitive\u00ae Fabrics<\/strong> nel settore sportswear e abbigliamento    <\/div>\n    <div class=\"ejtl_row\"><\/div>\n    <div class=\"ejtl_ball\"><i class=\"fas fa-tshirt\"><\/i><\/div>\n  <\/div> \n\n  <div class=\"ejtl_item\" > \n    <div class=\"ejtl-c\">\n      <strong>2008<\/strong><br>\n      EUROJERSEY lancia il programma <strong>SensitivEcoSystem\u00ae<\/strong>, un insieme di pratiche per ridurre l\u2019impatto ambientale nel ciclo produttivo    <\/div>\n    <div class=\"ejtl_row\"><\/div>\n    <div class=\"ejtl_ball\"><i class=\"fas fa-leaf\"><\/i><\/div>\n  <\/div> \n\n  <div class=\"ejtl_item\" > \n    <div class=\"ejtl-c\">\n      <strong>2011-2013<\/strong><br>\n      Produzione del primo tessuto modellante Sensitive\u00ae Fit    <\/div>\n    <div class=\"ejtl_row\"><\/div>\n   <div class=\"ejtl_ball ejtl_ball_png\" style=\"background-image: url(https:\/\/www.sensitivefabrics.it\/wp-content\/plugins\/ej-timeline\/img\/body.png);\"><\/div>\n  <\/div> \n\n \n\n  <div class=\"ejtl_item\" > \n    <div class=\"ejtl-c\">\n      <strong>2017<\/strong><br>\n      Nuove tecnologie applicate ai tessuti <strong>Sensitive\u00ae Fabrics<\/strong> come accoppiati    <\/div>\n    <div class=\"ejtl_row\"><\/div>\n    <div class=\"ejtl_ball ejtl_ball_png\" style=\"background-image: url(https:\/\/www.sensitivefabrics.it\/wp-content\/plugins\/ej-timeline\/img\/giacca.png);\"><\/div>\n  <\/div> \n\n  <div class=\"ejtl_item\" > \n    <div class=\"ejtl-c\">\n      <strong>2018<\/strong><br>\n      I tessuti <strong>Sensitive\u00ae Fabrics<\/strong> si arricchiscono di nobilitazioni con membrane funzionali e forati    <\/div>\n    <div class=\"ejtl_row\"><\/div>\n    <div class=\"ejtl_ball ejtl_ball_png\" style=\"background-image: url(https:\/\/www.sensitivefabrics.it\/wp-content\/plugins\/ej-timeline\/img\/giaccone.png);\"><\/div>\n  <\/div> \n\n  <div class=\"ejtl_item\" > \n    <div class=\"ejtl-c\">\n      <strong>2019<\/strong><br>\n      Nuova tecnologia di stampa 3D, effetto tinto filo, Eco Print    <\/div>\n    <div class=\"ejtl_row\"><\/div>\n    <div class=\"ejtl_ball ejtl_ball_png\" style=\"background-image: url(https:\/\/www.sensitivefabrics.it\/wp-content\/plugins\/ej-timeline\/img\/rotolo.png);\"><\/div>\n  <\/div> \n\n  <div class=\"ejtl_item\" > \n    <div class=\"ejtl-c\">\n      <strong>2020-22<\/strong><br>\n      Implementazione reparto Atelier in Tessitura, nuove macchine da tintura e finissaggio    <\/div>\n    <div class=\"ejtl_row\"><\/div>\n    <div class=\"ejtl_ball\"><i class=\"fas fa-tshirt\"><\/i><\/div>\n  <\/div> \n\n  <div class=\"ejtl_item\" > \n    <div class=\"ejtl-c\">\n      <strong>2023<\/strong><br>\n      Sviluppo di nuove tecnologie di stampa digitale    <\/div>\n    <div class=\"ejtl_row\"><\/div>\n    <div class=\"ejtl_ball\"><i class=\"fas fa-tshirt\"><\/i><\/div>\n  <\/div> \n\n   <div class=\"ejtl_item\" > \n    <div class=\"ejtl-c\">\n      <strong>2024<\/strong><br>\n      Lancio della gamma di tessuti a tre pettini    <\/div>\n    <div class=\"ejtl_row\"><\/div>\n    <div class=\"ejtl_ball ejtl_ball_png\" style=\"background-image: url(https:\/\/www.sensitivefabrics.it\/wp-content\/plugins\/ej-timeline\/img\/rotolo.png);\"><\/div>\n  <\/div> \n\n  <div class=\"ejtl_item\" > \n    <div class=\"ejtl-c\">\n      <strong>2025<\/strong><br>\n      Lancio della collezione <br>\nThe Iconics    <\/div>\n    <div class=\"ejtl_row\"><\/div>\n    <div class=\"ejtl_ball ejtl_ball_png\" style=\"background-image: url(https:\/\/www.sensitivefabrics.it\/wp-content\/plugins\/ej-timeline\/img\/rotolo.png);\"><\/div>\n  <\/div> \n\n \n<\/div>\n\n\n  <\/div>\n<\/div>\n\n[\/vc_column_text][\/vc_column_inner][\/vc_row_inner][vc_empty_space height=&#8221;50&#8243;][\/vc_column][\/vc_row][vc_row][vc_column width=&#8221;1\/12&#8243;][\/vc_column][vc_column width=&#8221;10\/12&#8243;][vc_row_inner][vc_column_inner width=&#8221;1\/3&#8243;][vc_column_text]<\/p>\n<h3 style=\"text-align: center;\"><strong>Energia<\/strong><\/h3>\n<p>[\/vc_column_text][vc_single_image image=&#8221;8998&#8243; img_size=&#8221;300&#215;300&#8243; alignment=&#8221;center&#8221; css=&#8221;&#8221;][\/vc_column_inner][vc_column_inner width=&#8221;1\/3&#8243;][vc_column_text]<\/p>\n<h3 style=\"text-align: center;\"><strong>Acqua<\/strong><\/h3>\n<p>[\/vc_column_text][vc_single_image image=&#8221;9000&#8243; img_size=&#8221;300&#215;300&#8243; alignment=&#8221;center&#8221; css=&#8221;&#8221;][\/vc_column_inner][vc_column_inner width=&#8221;1\/3&#8243;][vc_column_text]<\/p>\n<h3 style=\"text-align: center;\"><strong>Gas naturale<br \/>\n<\/strong><\/h3>\n<p>[\/vc_column_text][vc_single_image image=&#8221;9002&#8243; img_size=&#8221;300&#215;300&#8243; alignment=&#8221;center&#8221; css=&#8221;&#8221;][\/vc_column_inner][\/vc_row_inner][vc_row_inner][vc_column_inner][vc_column_text css=&#8221;&#8221;]<\/p>\n<p style=\"text-align: center;\">I valori indicati sono stati ottenuti grazie al consolidamento di azioni e investimenti &#8211; realizzati nel periodo 2015-2024 &#8211; finalizzati a migliorare l\u2019efficienza del processo produttivo<\/p>\n<p>[\/vc_column_text][\/vc_column_inner][\/vc_row_inner][\/vc_column][vc_column width=&#8221;1\/12&#8243;][\/vc_column][\/vc_row][vc_row][vc_column width=&#8221;1\/6&#8243;][\/vc_column][vc_column width=&#8221;2\/3&#8243;][vc_empty_space height=&#8221;50&#8243;][vc_custom_heading text=&#8221;Riduzione consumi energia per 1 Kg di tessuto<br \/>\n2015 &#8211; 2024&#8243; font_container=&#8221;tag:h3|font_size:30px|text_align:center&#8221; use_theme_fonts=&#8221;yes&#8221; css=&#8221;&#8221; el_class=&#8221;ej-vc-h2&#8243;][vc_empty_space height=&#8221;25&#8243;][vc_raw_html css=&#8221;&#8221;]JTNDZGl2JTNFJTBBJTIwJTIwJTIwJTIwJTNDaW1nJTIwc3JjJTNEJTIyaHR0cHMlM0ElMkYlMkZ3d3cuc2Vuc2l0aXZlZmFicmljcy5pdCUyRndwLWNvbnRlbnQlMkZ1cGxvYWRzJTJGMjAyNSUyRjAzJTJGRW5lcmdpYV8yMDI1X0lULnN2ZyUyMiUzRSUwQSUzQyUyRmRpdiUzRQ==[\/vc_raw_html][\/vc_column][vc_column width=&#8221;1\/6&#8243;][\/vc_column][\/vc_row][vc_row][vc_column width=&#8221;1\/6&#8243;][\/vc_column][vc_column width=&#8221;2\/3&#8243;][vc_empty_space height=&#8221;50&#8243;][vc_custom_heading text=&#8221;Riduzione consumi metano per 1 Kg di tessuto<br \/>\n2015 &#8211; 2024&#8243; font_container=&#8221;tag:h3|font_size:30px|text_align:center&#8221; use_theme_fonts=&#8221;yes&#8221; css=&#8221;&#8221; el_class=&#8221;ej-vc-h2&#8243;][vc_empty_space height=&#8221;25&#8243;][vc_raw_html css=&#8221;&#8221;]JTNDZGl2JTNFJTBBJTIwJTIwJTIwJTIwJTNDaW1nJTIwc3JjJTNEJTIyaHR0cHMlM0ElMkYlMkZ3d3cuc2Vuc2l0aXZlZmFicmljcy5pdCUyRndwLWNvbnRlbnQlMkZ1cGxvYWRzJTJGMjAyNSUyRjAzJTJGTWV0YW5vXzIwMjVfSVQuc3ZnJTIyJTNFJTBBJTNDJTJGZGl2JTNF[\/vc_raw_html][\/vc_column][vc_column width=&#8221;1\/6&#8243;][\/vc_column][\/vc_row][vc_row][vc_column width=&#8221;1\/6&#8243;][\/vc_column][vc_column width=&#8221;2\/3&#8243;][vc_empty_space height=&#8221;50&#8243;][vc_custom_heading text=&#8221;Riduzione consumi idrici per 1 Kg di tessuto<br \/>\n2015 &#8211; 2024&#8243; font_container=&#8221;tag:h3|font_size:30px|text_align:center&#8221; use_theme_fonts=&#8221;yes&#8221; css=&#8221;&#8221; el_class=&#8221;ej-vc-h2&#8243;][vc_empty_space height=&#8221;25&#8243;][vc_raw_html css=&#8221;&#8221;]JTNDZGl2JTNFJTBBJTIwJTIwJTIwJTIwJTNDaW1nJTIwc3JjJTNEJTIyaHR0cHMlM0ElMkYlMkZ3d3cuc2Vuc2l0aXZlZmFicmljcy5pdCUyRndwLWNvbnRlbnQlMkZ1cGxvYWRzJTJGMjAyNSUyRjAzJTJGQWNxdWFfMjAyNV9JVC5zdmclMjIlM0UlMEElM0MlMkZkaXYlM0U=[\/vc_raw_html][\/vc_column][vc_column width=&#8221;1\/6&#8243;][\/vc_column][\/vc_row]<\/p>\n<\/div>","protected":false},"excerpt":{"rendered":"<p>[vc_row full_width=&#8221;stretch_row_content&#8221;][vc_column][vc_empty_space height=&#8221;150px&#8221;][vc_row_inner][vc_column_inner width=&#8221;2\/12&#8243;][\/vc_column_inner][vc_column_inner width=&#8221;4\/12&#8243; css=&#8221;.vc_custom_1538736954573{margin-right: 0px !important;}&#8221;][vc_single_image image=&#8221;1538&#8243; img_size=&#8221;276&#215;276&#8243; alignment=&#8221;center&#8221;][\/vc_column_inner][vc_column_inner width=&#8221;1\/3&#8243;][vc_empty_space][vc_custom_heading text=&#8221;Risultati raggiunti&#8221; use_theme_fonts=&#8221;yes&#8221; el_class=&#8221;ej-vc-h2&#8243;][vc_column_text css=&#8221;.vc_custom_1684318372061{margin-top: 20px !important;}&#8221;]Controlli rigorosi ci permettono di migliorare le nostre performance di sostenibilit\u00e0 ogni anno grazie alla volont\u00e0 di tutto il team che lavora in Azienda.[\/vc_column_text][\/vc_column_inner][vc_column_inner width=&#8221;1\/12&#8243;][\/vc_column_inner][\/vc_row_inner][vc_row_inner][vc_column_inner][vc_empty_space height=&#8221;50&#8243;][vc_column_text css=&#8221;&#8221;][\/vc_column_text][\/vc_column_inner][\/vc_row_inner][vc_empty_space height=&#8221;50&#8243;][\/vc_column][\/vc_row][vc_row][vc_column width=&#8221;1\/12&#8243;][\/vc_column][vc_column width=&#8221;10\/12&#8243;][vc_row_inner][vc_column_inner width=&#8221;1\/3&#8243;][vc_column_text] Energia [\/vc_column_text][vc_single_image image=&#8221;8998&#8243; img_size=&#8221;300&#215;300&#8243; alignment=&#8221;center&#8221; css=&#8221;&#8221;][\/vc_column_inner][vc_column_inner &hellip; <a href=\"https:\/\/www.sensitivefabrics.it\/it\/risultati-raggiunti\/\">Continued<\/a><\/p>\n","protected":false},"author":2,"featured_media":0,"parent":0,"menu_order":0,"comment_status":"closed","ping_status":"closed","template":"template-page-vc.php","meta":{"_acf_changed":false,"inline_featured_image":false,"footnotes":""},"class_list":["post-7083","page","type-page","status-publish","hentry"],"acf":[],"yoast_head":"<!-- This site is optimized with the Yoast SEO plugin v27.3 - https:\/\/yoast.com\/product\/yoast-seo-wordpress\/ -->\n<title>Risultati raggiunti da Sensitive\u00ae Fabric: performance di sostenibilit\u00e0<\/title>\n<meta name=\"description\" content=\"Controlli rigorosi ci permettono di migliorare le nostre performance di sostenibilit\u00e0 ogni anno grazie alla volont\u00e0 di tutto il team che lavora in Azienda.\" \/>\n<meta name=\"robots\" content=\"index, follow, max-snippet:-1, max-image-preview:large, max-video-preview:-1\" \/>\n<link rel=\"canonical\" href=\"https:\/\/www.sensitivefabrics.it\/it\/risultati-raggiunti\/\" \/>\n<meta property=\"og:locale\" content=\"it_IT\" \/>\n<meta property=\"og:type\" content=\"article\" \/>\n<meta property=\"og:title\" content=\"Risultati raggiunti da Sensitive\u00ae Fabric: performance di sostenibilit\u00e0\" \/>\n<meta property=\"og:description\" content=\"Controlli rigorosi ci permettono di migliorare le nostre performance di sostenibilit\u00e0 ogni anno grazie alla volont\u00e0 di tutto il team che lavora in Azienda.\" \/>\n<meta property=\"og:url\" content=\"https:\/\/www.sensitivefabrics.it\/it\/risultati-raggiunti\/\" \/>\n<meta property=\"og:site_name\" content=\"Sensitive\u00ae Fabrics\" \/>\n<meta property=\"article:publisher\" content=\"https:\/\/www.facebook.com\/sensitive.fabrics\/\" \/>\n<meta property=\"article:modified_time\" content=\"2025-03-23T15:52:38+00:00\" \/>\n<meta property=\"og:image\" content=\"https:\/\/www.sensitivefabrics.it\/wp-content\/uploads\/2018\/12\/Sensitive-Fabrics-Logo-Nero-Web.png\" \/>\n\t<meta property=\"og:image:width\" content=\"320\" \/>\n\t<meta property=\"og:image:height\" content=\"150\" \/>\n\t<meta property=\"og:image:type\" content=\"image\/png\" \/>\n<meta name=\"twitter:card\" content=\"summary_large_image\" \/>\n<meta name=\"twitter:label1\" content=\"Tempo di lettura stimato\" \/>\n\t<meta name=\"twitter:data1\" content=\"1 minuto\" \/>\n<script type=\"application\/ld+json\" class=\"yoast-schema-graph\">{\"@context\":\"https:\\\/\\\/schema.org\",\"@graph\":[{\"@type\":\"WebPage\",\"@id\":\"https:\\\/\\\/www.sensitivefabrics.it\\\/it\\\/risultati-raggiunti\\\/\",\"url\":\"https:\\\/\\\/www.sensitivefabrics.it\\\/it\\\/risultati-raggiunti\\\/\",\"name\":\"Risultati raggiunti da Sensitive\u00ae Fabric: performance di sostenibilit\u00e0\",\"isPartOf\":{\"@id\":\"https:\\\/\\\/www.sensitivefabrics.it\\\/it\\\/#website\"},\"datePublished\":\"2023-05-09T14:28:59+00:00\",\"dateModified\":\"2025-03-23T15:52:38+00:00\",\"description\":\"Controlli rigorosi ci permettono di migliorare le nostre performance di sostenibilit\u00e0 ogni anno grazie alla volont\u00e0 di tutto il team che lavora in Azienda.\",\"breadcrumb\":{\"@id\":\"https:\\\/\\\/www.sensitivefabrics.it\\\/it\\\/risultati-raggiunti\\\/#breadcrumb\"},\"inLanguage\":\"it-IT\",\"potentialAction\":[{\"@type\":\"ReadAction\",\"target\":[\"https:\\\/\\\/www.sensitivefabrics.it\\\/it\\\/risultati-raggiunti\\\/\"]}]},{\"@type\":\"BreadcrumbList\",\"@id\":\"https:\\\/\\\/www.sensitivefabrics.it\\\/it\\\/risultati-raggiunti\\\/#breadcrumb\",\"itemListElement\":[{\"@type\":\"ListItem\",\"position\":1,\"name\":\"Home\",\"item\":\"https:\\\/\\\/www.sensitivefabrics.it\\\/it\\\/\"},{\"@type\":\"ListItem\",\"position\":2,\"name\":\"Risultati raggiunti\"}]},{\"@type\":\"WebSite\",\"@id\":\"https:\\\/\\\/www.sensitivefabrics.it\\\/it\\\/#website\",\"url\":\"https:\\\/\\\/www.sensitivefabrics.it\\\/it\\\/\",\"name\":\"Sensitive\u00ae Fabrics\",\"description\":\"Sensitive\u00ae Fabrics: high quality warp-knit fabrics made in Italy - Eurojersey\",\"publisher\":{\"@id\":\"https:\\\/\\\/www.sensitivefabrics.it\\\/it\\\/#organization\"},\"potentialAction\":[{\"@type\":\"SearchAction\",\"target\":{\"@type\":\"EntryPoint\",\"urlTemplate\":\"https:\\\/\\\/www.sensitivefabrics.it\\\/it\\\/?s={search_term_string}\"},\"query-input\":{\"@type\":\"PropertyValueSpecification\",\"valueRequired\":true,\"valueName\":\"search_term_string\"}}],\"inLanguage\":\"it-IT\"},{\"@type\":\"Organization\",\"@id\":\"https:\\\/\\\/www.sensitivefabrics.it\\\/it\\\/#organization\",\"name\":\"Eurojersey S.p.A.\",\"url\":\"https:\\\/\\\/www.sensitivefabrics.it\\\/it\\\/\",\"logo\":{\"@type\":\"ImageObject\",\"inLanguage\":\"it-IT\",\"@id\":\"https:\\\/\\\/www.sensitivefabrics.it\\\/it\\\/#\\\/schema\\\/logo\\\/image\\\/\",\"url\":\"https:\\\/\\\/www.sensitivefabrics.it\\\/wp-content\\\/uploads\\\/2018\\\/12\\\/logo-ej.png\",\"contentUrl\":\"https:\\\/\\\/www.sensitivefabrics.it\\\/wp-content\\\/uploads\\\/2018\\\/12\\\/logo-ej.png\",\"width\":300,\"height\":62,\"caption\":\"Eurojersey S.p.A.\"},\"image\":{\"@id\":\"https:\\\/\\\/www.sensitivefabrics.it\\\/it\\\/#\\\/schema\\\/logo\\\/image\\\/\"},\"sameAs\":[\"https:\\\/\\\/www.facebook.com\\\/sensitive.fabrics\\\/\",\"https:\\\/\\\/www.instagram.com\\\/sensitivefabrics\\\/?hl=it\",\"https:\\\/\\\/www.linkedin.com\\\/company\\\/eurojersey-s-p-a-\",\"https:\\\/\\\/www.youtube.com\\\/user\\\/SensitiveFabrics\"]}]}<\/script>\n<!-- \/ Yoast SEO plugin. -->","yoast_head_json":{"title":"Risultati raggiunti da Sensitive\u00ae Fabric: performance di sostenibilit\u00e0","description":"Controlli rigorosi ci permettono di migliorare le nostre performance di sostenibilit\u00e0 ogni anno grazie alla volont\u00e0 di tutto il team che lavora in Azienda.","robots":{"index":"index","follow":"follow","max-snippet":"max-snippet:-1","max-image-preview":"max-image-preview:large","max-video-preview":"max-video-preview:-1"},"canonical":"https:\/\/www.sensitivefabrics.it\/it\/risultati-raggiunti\/","og_locale":"it_IT","og_type":"article","og_title":"Risultati raggiunti da Sensitive\u00ae Fabric: performance di sostenibilit\u00e0","og_description":"Controlli rigorosi ci permettono di migliorare le nostre performance di sostenibilit\u00e0 ogni anno grazie alla volont\u00e0 di tutto il team che lavora in Azienda.","og_url":"https:\/\/www.sensitivefabrics.it\/it\/risultati-raggiunti\/","og_site_name":"Sensitive\u00ae Fabrics","article_publisher":"https:\/\/www.facebook.com\/sensitive.fabrics\/","article_modified_time":"2025-03-23T15:52:38+00:00","og_image":[{"width":320,"height":150,"url":"https:\/\/www.sensitivefabrics.it\/wp-content\/uploads\/2018\/12\/Sensitive-Fabrics-Logo-Nero-Web.png","type":"image\/png"}],"twitter_card":"summary_large_image","twitter_misc":{"Tempo di lettura stimato":"1 minuto"},"schema":{"@context":"https:\/\/schema.org","@graph":[{"@type":"WebPage","@id":"https:\/\/www.sensitivefabrics.it\/it\/risultati-raggiunti\/","url":"https:\/\/www.sensitivefabrics.it\/it\/risultati-raggiunti\/","name":"Risultati raggiunti da Sensitive\u00ae Fabric: performance di sostenibilit\u00e0","isPartOf":{"@id":"https:\/\/www.sensitivefabrics.it\/it\/#website"},"datePublished":"2023-05-09T14:28:59+00:00","dateModified":"2025-03-23T15:52:38+00:00","description":"Controlli rigorosi ci permettono di migliorare le nostre performance di sostenibilit\u00e0 ogni anno grazie alla volont\u00e0 di tutto il team che lavora in Azienda.","breadcrumb":{"@id":"https:\/\/www.sensitivefabrics.it\/it\/risultati-raggiunti\/#breadcrumb"},"inLanguage":"it-IT","potentialAction":[{"@type":"ReadAction","target":["https:\/\/www.sensitivefabrics.it\/it\/risultati-raggiunti\/"]}]},{"@type":"BreadcrumbList","@id":"https:\/\/www.sensitivefabrics.it\/it\/risultati-raggiunti\/#breadcrumb","itemListElement":[{"@type":"ListItem","position":1,"name":"Home","item":"https:\/\/www.sensitivefabrics.it\/it\/"},{"@type":"ListItem","position":2,"name":"Risultati raggiunti"}]},{"@type":"WebSite","@id":"https:\/\/www.sensitivefabrics.it\/it\/#website","url":"https:\/\/www.sensitivefabrics.it\/it\/","name":"Sensitive\u00ae Fabrics","description":"Sensitive\u00ae Fabrics: high quality warp-knit fabrics made in Italy - Eurojersey","publisher":{"@id":"https:\/\/www.sensitivefabrics.it\/it\/#organization"},"potentialAction":[{"@type":"SearchAction","target":{"@type":"EntryPoint","urlTemplate":"https:\/\/www.sensitivefabrics.it\/it\/?s={search_term_string}"},"query-input":{"@type":"PropertyValueSpecification","valueRequired":true,"valueName":"search_term_string"}}],"inLanguage":"it-IT"},{"@type":"Organization","@id":"https:\/\/www.sensitivefabrics.it\/it\/#organization","name":"Eurojersey S.p.A.","url":"https:\/\/www.sensitivefabrics.it\/it\/","logo":{"@type":"ImageObject","inLanguage":"it-IT","@id":"https:\/\/www.sensitivefabrics.it\/it\/#\/schema\/logo\/image\/","url":"https:\/\/www.sensitivefabrics.it\/wp-content\/uploads\/2018\/12\/logo-ej.png","contentUrl":"https:\/\/www.sensitivefabrics.it\/wp-content\/uploads\/2018\/12\/logo-ej.png","width":300,"height":62,"caption":"Eurojersey S.p.A."},"image":{"@id":"https:\/\/www.sensitivefabrics.it\/it\/#\/schema\/logo\/image\/"},"sameAs":["https:\/\/www.facebook.com\/sensitive.fabrics\/","https:\/\/www.instagram.com\/sensitivefabrics\/?hl=it","https:\/\/www.linkedin.com\/company\/eurojersey-s-p-a-","https:\/\/www.youtube.com\/user\/SensitiveFabrics"]}]}},"_links":{"self":[{"href":"https:\/\/www.sensitivefabrics.it\/it\/wp-json\/wp\/v2\/pages\/7083","targetHints":{"allow":["GET"]}}],"collection":[{"href":"https:\/\/www.sensitivefabrics.it\/it\/wp-json\/wp\/v2\/pages"}],"about":[{"href":"https:\/\/www.sensitivefabrics.it\/it\/wp-json\/wp\/v2\/types\/page"}],"author":[{"embeddable":true,"href":"https:\/\/www.sensitivefabrics.it\/it\/wp-json\/wp\/v2\/users\/2"}],"replies":[{"embeddable":true,"href":"https:\/\/www.sensitivefabrics.it\/it\/wp-json\/wp\/v2\/comments?post=7083"}],"version-history":[{"count":17,"href":"https:\/\/www.sensitivefabrics.it\/it\/wp-json\/wp\/v2\/pages\/7083\/revisions"}],"predecessor-version":[{"id":9035,"href":"https:\/\/www.sensitivefabrics.it\/it\/wp-json\/wp\/v2\/pages\/7083\/revisions\/9035"}],"wp:attachment":[{"href":"https:\/\/www.sensitivefabrics.it\/it\/wp-json\/wp\/v2\/media?parent=7083"}],"curies":[{"name":"wp","href":"https:\/\/api.w.org\/{rel}","templated":true}]}}