{"id":7797,"date":"2024-02-24T14:19:18","date_gmt":"2024-02-24T13:19:18","guid":{"rendered":"https:\/\/www.sensitivefabrics.it\/fai-2024\/"},"modified":"2024-03-05T09:58:14","modified_gmt":"2024-03-05T08:58:14","slug":"fai-2024","status":"publish","type":"page","link":"https:\/\/www.sensitivefabrics.it\/it\/fai-2024\/","title":{"rendered":"Fai 2024"},"content":{"rendered":"<div class=\"wpb-content-wrapper\"><p>[vc_row full_width=&#8221;stretch_row_content&#8221; full_height=&#8221;yes&#8221; columns_placement=&#8221;bottom&#8221; content_placement=&#8221;bottom&#8221; css=&#8221;.vc_custom_1708778963364{border-top-width: 0px !important;border-right-width: 20px !important;border-bottom-width: 20px !important;border-left-width: 20px !important;background-image: url(https:\/\/www.sensitivefabrics.it\/wp-content\/uploads\/2024\/02\/Masino-30_Foto-C-Marco-Castagna_2020.jpg?id=7779) !important;background-position: center !important;background-repeat: no-repeat !important;background-size: cover !important;border-left-color: #ffffff !important;border-left-style: solid !important;border-right-color: #ffffff !important;border-right-style: solid !important;border-top-color: #ffffff !important;border-top-style: solid !important;border-bottom-color: #ffffff !important;border-bottom-style: solid !important;}&#8221;][vc_column width=&#8221;1\/12&#8243; css=&#8221;.vc_custom_1537621999171{margin-bottom: 50px !important;}&#8221;][\/vc_column][vc_column width=&#8221;11\/12&#8243;][vc_custom_heading text=&#8221;FAI \u2013 Fondo per l\u2019Ambiente Italiano&#8221; font_container=&#8221;tag:h1|font_size:80%20px|text_align:left&#8221; use_theme_fonts=&#8221;yes&#8221; el_class=&#8221;ej-vc-h1&#8243; css=&#8221;.vc_custom_1709569035209{margin-bottom: 50px !important;}&#8221;][\/vc_column][\/vc_row][vc_row full_width=&#8221;stretch_row&#8221; css=&#8221;.vc_custom_1708954678249{margin-top: 0px !important;margin-right: 0px !important;margin-bottom: 0px !important;margin-left: 0px !important;border-top-width: 0px !important;border-right-width: 0px !important;border-bottom-width: 0px !important;border-left-width: 0px !important;padding-top: 0px !important;padding-right: 0px !important;padding-bottom: 0px !important;padding-left: 0px !important;}&#8221;][vc_column width=&#8221;1\/12&#8243; css=&#8221;.vc_custom_1708957259614{padding-top: 5px !important;padding-bottom: 0px !important;}&#8221;][\/vc_column][vc_column width=&#8221;11\/12&#8243; css=&#8221;.vc_custom_1708954736016{padding-top: 0px !important;}&#8221;][vc_raw_html css=&#8221;.vc_custom_1708954450162{margin-top: 0px !important;margin-right: 0px !important;margin-bottom: 0px !important;margin-left: 0px !important;border-top-width: 0px !important;border-right-width: 0px !important;border-bottom-width: 0px !important;border-left-width: 0px !important;padding-top: 0px !important;padding-right: 0px !important;padding-bottom: 0px !important;padding-left: 0px !important;}&#8221;]JTNDZGl2JTIwaWQlM0QlMjJoZWFkZXJfY2FwdGlvbl93cmFwcGVyJTIyJTNFJTNDcCUyMGNsYXNzJTNEJTIyaGVhZGVyLWNhcHRpb24lMjIlM0VDYXN0ZWxsbyUyMGRpJTIwTWFzaW5vJTIwLSUyMENyZWRpdCUzQSUyMCUyME1hcmNvJTIwQ2FzdGFnbmElMjAlQzIlQTklMjBGQUklMjAtJTIwRm9uZG8lMjBBbWJpZW50ZSUyMEl0YWxpYW5vJTNDJTJGcCUzRSUzQyUyRmRpdiUzRQ==[\/vc_raw_html][\/vc_column][\/vc_row][vc_row full_width=&#8221;stretch_row_content&#8221; css=&#8221;.vc_custom_1625739349254{margin-top: 25px !important;}&#8221;][vc_column width=&#8221;1\/6&#8243;][\/vc_column][vc_column width=&#8221;2\/3&#8243;][vc_row_inner][vc_column_inner css=&#8221;.vc_custom_1554210991933{margin-bottom: 35px !important;}&#8221;][vc_single_image image=&#8221;7860&#8243; img_size=&#8221;246 x 50&#8243; alignment=&#8221;center&#8221;][vc_column_text]<\/p>\n<p style=\"text-align: center;\">a sostegno del<\/p>\n<p>[\/vc_column_text][vc_single_image image=&#8221;7808&#8243; img_size=&#8221;221 x 45&#8243; alignment=&#8221;center&#8221; css=&#8221;.vc_custom_1709628689810{margin-top: -20px !important;}&#8221;][vc_empty_space][vc_column_text]<\/p>\n<p style=\"text-align: center;\"><strong>EUROJERSEY <\/strong>#salvalacqua<\/p>\n<p style=\"text-align: center;\"><strong>EUROJERSEY<\/strong> anche quest\u2019anno, sulla base di quanto avviato nel 2023 con il <strong>FAI \u2013 Fondo per l\u2019Ambiente Italiano<\/strong>,<strong> rinnova la sua vicinanza e sostiene <\/strong><strong>la sua campagna #salvalacqua a tutela e valorizzazione del patrimonio architettonico e paesaggistico<\/strong> nel campo del recupero, risparmio e riutilizzo delle acque attraverso un audit dedicato. In fase di rivalorizzazione dei suoi siti, l\u2019impegno della Fondazione infatti \u00e8 quello di poter ridurre del 20% al 2030 l\u2019impronta idrica dei Beni di cui si prende cura, grazie ad una riduzione degli sprechi, all&#8217;utilizzo di acque non potabili per tutti gli usi possibili, e all\u2019impiego di tecnologie storiche e innovative per il recupero delle acque meteoriche, delle acque grigie e per il loro riutilizzo.<br \/>\nQuesto grazie a uno studio altamente efficiente che predilige il recupero degli antichi sistemi tradizionali, affiancato a soluzioni all\u2019avanguardia nella ricerca. Il risultato di tale processo consentir\u00e0 di realizzare un report con evidenze precise e un monitoraggio continuo che il FAI utilizzer\u00e0 per predisporre una gestione pi\u00f9 accurata della risorsa idrica e interventi di miglioramento nei Beni esaminati.<\/p>\n<p>[\/vc_column_text][\/vc_column_inner][\/vc_row_inner][\/vc_column][vc_column width=&#8221;1\/6&#8243;][\/vc_column][\/vc_row][vc_row][vc_column width=&#8221;1\/2&#8243;][vc_single_image image=&#8221;7791&#8243; img_size=&#8221;full&#8221; add_caption=&#8221;yes&#8221;][\/vc_column][vc_column width=&#8221;1\/2&#8243;][vc_single_image image=&#8221;7882&#8243; img_size=&#8221;full&#8221; add_caption=&#8221;yes&#8221;][\/vc_column][\/vc_row][vc_row full_width=&#8221;stretch_row_content&#8221; css=&#8221;.vc_custom_1625739349254{margin-top: 25px !important;}&#8221;][vc_column width=&#8221;1\/6&#8243;][\/vc_column][vc_column width=&#8221;2\/3&#8243;][vc_row_inner][vc_column_inner css=&#8221;.vc_custom_1554210991933{margin-bottom: 35px !important;}&#8221;][vc_column_text]<\/p>\n<p style=\"text-align: center;\">La campagna #salvalacqua 2024 ha, fra i diversi obiettivi, l\u2019avvio dei lavori di efficientamento idrico della splendida <strong>Villa del Balbianello<\/strong> che dalla punta della piccola penisola boscosa di Lavedo, che si protende sul Lago di Como, si affaccia elegantemente su un ampio panorama che ne fa una delle pi\u00f9 scenografiche dimore del Lario. L\u2019audit dei consumi idrici condotti dal FAI coinvolge anche il <strong>Castello di Masino<\/strong> con il suo parco che da oltre mille anni domina la vasta piana del Canavese. E, certamente non ultimo,\u00a0<strong>Palazzo Moroni<\/strong> a Bergamo, appartenuto alla famiglia Moroni sin dal 1646. In questo palazzo \u00e8 eccezionalmente conservato nell\u2019impianto originario: dagli interni al piano nobile ai giardini, estesi ai piedi della Rocca civica, tra terrazzamenti panoramici e un\u2019area agricola \u2013 l\u2019ortaglia \u2013 di circa due ettari.<\/p>\n<p>[\/vc_column_text][\/vc_column_inner][\/vc_row_inner][\/vc_column][vc_column width=&#8221;1\/6&#8243;][\/vc_column][\/vc_row][vc_row full_width=&#8221;stretch_row_content&#8221; css=&#8221;.vc_custom_1625739349254{margin-top: 25px !important;}&#8221;][vc_column width=&#8221;1\/6&#8243;][\/vc_column][vc_column width=&#8221;2\/3&#8243;][vc_row_inner][vc_column_inner css=&#8221;.vc_custom_1554210991933{margin-bottom: 35px !important;}&#8221;][vc_custom_heading text=&#8221;I progetti della collaborazione&#8221; font_container=&#8221;tag:h3|text_align:center|color:%23eb520f&#8221; use_theme_fonts=&#8221;yes&#8221; el_class=&#8221;ej-vc-h3&#8243;][\/vc_column_inner][\/vc_row_inner][vc_row_inner][vc_column_inner width=&#8221;1\/2&#8243;][vc_btn title=&#8221;PROGETTO 2022&#8243; style=&#8221;outline-custom&#8221; outline_custom_color=&#8221;#020202&#8243; outline_custom_hover_background=&#8221;#020202&#8243; outline_custom_hover_text=&#8221;#ffffff&#8221; shape=&#8221;square&#8221; align=&#8221;right&#8221; link=&#8221;url:https%3A%2F%2Fwww.sensitivefabrics.it%2Fit%2Ffai%2F|title:Fai&#8221;][\/vc_column_inner][vc_column_inner width=&#8221;1\/2&#8243;][vc_btn title=&#8221;PROGETTO 2023&#8243; style=&#8221;outline-custom&#8221; outline_custom_color=&#8221;#020202&#8243; outline_custom_hover_background=&#8221;#020202&#8243; outline_custom_hover_text=&#8221;#ffffff&#8221; shape=&#8221;square&#8221; align=&#8221;left&#8221; link=&#8221;url:https%3A%2F%2Fwww.sensitivefabrics.it%2Fit%2Ffai-2023%2F|title:Fai&#8221;][\/vc_column_inner][\/vc_row_inner][\/vc_column][vc_column width=&#8221;1\/6&#8243;][\/vc_column][\/vc_row][vc_row][vc_column][vc_empty_space height=&#8221;50px&#8221;][\/vc_column][\/vc_row][vc_row][vc_column][vc_empty_space height=&#8221;50px&#8221;][\/vc_column][\/vc_row]<\/p>\n<\/div>","protected":false},"excerpt":{"rendered":"<p>[vc_row full_width=&#8221;stretch_row_content&#8221; full_height=&#8221;yes&#8221; columns_placement=&#8221;bottom&#8221; content_placement=&#8221;bottom&#8221; css=&#8221;.vc_custom_1708778963364{border-top-width: 0px !important;border-right-width: 20px !important;border-bottom-width: 20px !important;border-left-width: 20px !important;background-image: url(https:\/\/www.sensitivefabrics.it\/wp-content\/uploads\/2024\/02\/Masino-30_Foto-C-Marco-Castagna_2020.jpg?id=7779) !important;background-position: center !important;background-repeat: no-repeat !important;background-size: cover !important;border-left-color: #ffffff !important;border-left-style: solid !important;border-right-color: #ffffff !important;border-right-style: solid !important;border-top-color: #ffffff !important;border-top-style: solid !important;border-bottom-color: #ffffff !important;border-bottom-style: solid !important;}&#8221;][vc_column width=&#8221;1\/12&#8243; css=&#8221;.vc_custom_1537621999171{margin-bottom: 50px !important;}&#8221;][\/vc_column][vc_column width=&#8221;11\/12&#8243;][vc_custom_heading text=&#8221;FAI \u2013 Fondo per l\u2019Ambiente Italiano&#8221; font_container=&#8221;tag:h1|font_size:80%20px|text_align:left&#8221; use_theme_fonts=&#8221;yes&#8221; el_class=&#8221;ej-vc-h1&#8243; css=&#8221;.vc_custom_1709569035209{margin-bottom: 50px !important;}&#8221;][\/vc_column][\/vc_row][vc_row &hellip; <a href=\"https:\/\/www.sensitivefabrics.it\/it\/fai-2024\/\">Continued<\/a><\/p>\n","protected":false},"author":2,"featured_media":0,"parent":0,"menu_order":0,"comment_status":"closed","ping_status":"closed","template":"template-page-vc.php","meta":{"_acf_changed":false,"inline_featured_image":false,"footnotes":""},"class_list":["post-7797","page","type-page","status-publish","hentry"],"acf":[],"yoast_head":"<!-- This site is optimized with the Yoast SEO plugin v27.3 - https:\/\/yoast.com\/product\/yoast-seo-wordpress\/ -->\n<title>FAI Fondo Ambiente Italiano - partnership | Sensitive\u00ae Fabrics<\/title>\n<meta name=\"robots\" content=\"index, follow, max-snippet:-1, max-image-preview:large, max-video-preview:-1\" \/>\n<link rel=\"canonical\" href=\"https:\/\/www.sensitivefabrics.it\/it\/fai-2024\/\" \/>\n<meta property=\"og:locale\" content=\"it_IT\" \/>\n<meta property=\"og:type\" content=\"article\" \/>\n<meta property=\"og:title\" content=\"FAI Fondo Ambiente Italiano - partnership | Sensitive\u00ae Fabrics\" \/>\n<meta property=\"og:description\" content=\"[vc_row full_width=&#8221;stretch_row_content&#8221; full_height=&#8221;yes&#8221; columns_placement=&#8221;bottom&#8221; content_placement=&#8221;bottom&#8221; css=&#8221;.vc_custom_1708778963364{border-top-width: 0px !important;border-right-width: 20px !important;border-bottom-width: 20px !important;border-left-width: 20px !important;background-image: url(https:\/\/www.sensitivefabrics.it\/wp-content\/uploads\/2024\/02\/Masino-30_Foto-C-Marco-Castagna_2020.jpg?id=7779) !important;background-position: center !important;background-repeat: no-repeat !important;background-size: cover !important;border-left-color: #ffffff !important;border-left-style: solid !important;border-right-color: #ffffff !important;border-right-style: solid !important;border-top-color: #ffffff !important;border-top-style: solid !important;border-bottom-color: #ffffff !important;border-bottom-style: solid !important;}&#8221;][vc_column width=&#8221;1\/12&#8243; css=&#8221;.vc_custom_1537621999171{margin-bottom: 50px !important;}&#8221;][\/vc_column][vc_column width=&#8221;11\/12&#8243;][vc_custom_heading text=&#8221;FAI \u2013 Fondo per l\u2019Ambiente Italiano&#8221; font_container=&#8221;tag:h1|font_size:80%20px|text_align:left&#8221; use_theme_fonts=&#8221;yes&#8221; el_class=&#8221;ej-vc-h1&#8243; css=&#8221;.vc_custom_1709569035209{margin-bottom: 50px !important;}&#8221;][\/vc_column][\/vc_row][vc_row &hellip; Continued\" \/>\n<meta property=\"og:url\" content=\"https:\/\/www.sensitivefabrics.it\/it\/fai-2024\/\" \/>\n<meta property=\"og:site_name\" content=\"Sensitive\u00ae Fabrics\" \/>\n<meta property=\"article:publisher\" content=\"https:\/\/www.facebook.com\/sensitive.fabrics\/\" \/>\n<meta property=\"article:modified_time\" content=\"2024-03-05T08:58:14+00:00\" \/>\n<meta property=\"og:image\" content=\"https:\/\/www.sensitivefabrics.it\/wp-content\/uploads\/2018\/12\/Sensitive-Fabrics-Logo-Nero-Web.png\" \/>\n\t<meta property=\"og:image:width\" content=\"320\" \/>\n\t<meta property=\"og:image:height\" content=\"150\" \/>\n\t<meta property=\"og:image:type\" content=\"image\/png\" \/>\n<meta name=\"twitter:card\" content=\"summary_large_image\" \/>\n<meta name=\"twitter:label1\" content=\"Tempo di lettura stimato\" \/>\n\t<meta name=\"twitter:data1\" content=\"3 minuti\" \/>\n<script type=\"application\/ld+json\" class=\"yoast-schema-graph\">{\"@context\":\"https:\\\/\\\/schema.org\",\"@graph\":[{\"@type\":\"WebPage\",\"@id\":\"https:\\\/\\\/www.sensitivefabrics.it\\\/it\\\/fai-2024\\\/\",\"url\":\"https:\\\/\\\/www.sensitivefabrics.it\\\/it\\\/fai-2024\\\/\",\"name\":\"FAI Fondo Ambiente Italiano - partnership | Sensitive\u00ae Fabrics\",\"isPartOf\":{\"@id\":\"https:\\\/\\\/www.sensitivefabrics.it\\\/it\\\/#website\"},\"datePublished\":\"2024-02-24T13:19:18+00:00\",\"dateModified\":\"2024-03-05T08:58:14+00:00\",\"breadcrumb\":{\"@id\":\"https:\\\/\\\/www.sensitivefabrics.it\\\/it\\\/fai-2024\\\/#breadcrumb\"},\"inLanguage\":\"it-IT\",\"potentialAction\":[{\"@type\":\"ReadAction\",\"target\":[\"https:\\\/\\\/www.sensitivefabrics.it\\\/it\\\/fai-2024\\\/\"]}]},{\"@type\":\"BreadcrumbList\",\"@id\":\"https:\\\/\\\/www.sensitivefabrics.it\\\/it\\\/fai-2024\\\/#breadcrumb\",\"itemListElement\":[{\"@type\":\"ListItem\",\"position\":1,\"name\":\"Home\",\"item\":\"https:\\\/\\\/www.sensitivefabrics.it\\\/it\\\/\"},{\"@type\":\"ListItem\",\"position\":2,\"name\":\"Fai 2024\"}]},{\"@type\":\"WebSite\",\"@id\":\"https:\\\/\\\/www.sensitivefabrics.it\\\/it\\\/#website\",\"url\":\"https:\\\/\\\/www.sensitivefabrics.it\\\/it\\\/\",\"name\":\"Sensitive\u00ae Fabrics\",\"description\":\"Sensitive\u00ae Fabrics: high quality warp-knit fabrics made in Italy - Eurojersey\",\"publisher\":{\"@id\":\"https:\\\/\\\/www.sensitivefabrics.it\\\/it\\\/#organization\"},\"potentialAction\":[{\"@type\":\"SearchAction\",\"target\":{\"@type\":\"EntryPoint\",\"urlTemplate\":\"https:\\\/\\\/www.sensitivefabrics.it\\\/it\\\/?s={search_term_string}\"},\"query-input\":{\"@type\":\"PropertyValueSpecification\",\"valueRequired\":true,\"valueName\":\"search_term_string\"}}],\"inLanguage\":\"it-IT\"},{\"@type\":\"Organization\",\"@id\":\"https:\\\/\\\/www.sensitivefabrics.it\\\/it\\\/#organization\",\"name\":\"Eurojersey S.p.A.\",\"url\":\"https:\\\/\\\/www.sensitivefabrics.it\\\/it\\\/\",\"logo\":{\"@type\":\"ImageObject\",\"inLanguage\":\"it-IT\",\"@id\":\"https:\\\/\\\/www.sensitivefabrics.it\\\/it\\\/#\\\/schema\\\/logo\\\/image\\\/\",\"url\":\"https:\\\/\\\/www.sensitivefabrics.it\\\/wp-content\\\/uploads\\\/2018\\\/12\\\/logo-ej.png\",\"contentUrl\":\"https:\\\/\\\/www.sensitivefabrics.it\\\/wp-content\\\/uploads\\\/2018\\\/12\\\/logo-ej.png\",\"width\":300,\"height\":62,\"caption\":\"Eurojersey S.p.A.\"},\"image\":{\"@id\":\"https:\\\/\\\/www.sensitivefabrics.it\\\/it\\\/#\\\/schema\\\/logo\\\/image\\\/\"},\"sameAs\":[\"https:\\\/\\\/www.facebook.com\\\/sensitive.fabrics\\\/\",\"https:\\\/\\\/www.instagram.com\\\/sensitivefabrics\\\/?hl=it\",\"https:\\\/\\\/www.linkedin.com\\\/company\\\/eurojersey-s-p-a-\",\"https:\\\/\\\/www.youtube.com\\\/user\\\/SensitiveFabrics\"]}]}<\/script>\n<!-- \/ Yoast SEO plugin. -->","yoast_head_json":{"title":"FAI Fondo Ambiente Italiano - partnership | Sensitive\u00ae Fabrics","robots":{"index":"index","follow":"follow","max-snippet":"max-snippet:-1","max-image-preview":"max-image-preview:large","max-video-preview":"max-video-preview:-1"},"canonical":"https:\/\/www.sensitivefabrics.it\/it\/fai-2024\/","og_locale":"it_IT","og_type":"article","og_title":"FAI Fondo Ambiente Italiano - partnership | Sensitive\u00ae Fabrics","og_description":"[vc_row full_width=&#8221;stretch_row_content&#8221; full_height=&#8221;yes&#8221; columns_placement=&#8221;bottom&#8221; content_placement=&#8221;bottom&#8221; css=&#8221;.vc_custom_1708778963364{border-top-width: 0px !important;border-right-width: 20px !important;border-bottom-width: 20px !important;border-left-width: 20px !important;background-image: url(https:\/\/www.sensitivefabrics.it\/wp-content\/uploads\/2024\/02\/Masino-30_Foto-C-Marco-Castagna_2020.jpg?id=7779) !important;background-position: center !important;background-repeat: no-repeat !important;background-size: cover !important;border-left-color: #ffffff !important;border-left-style: solid !important;border-right-color: #ffffff !important;border-right-style: solid !important;border-top-color: #ffffff !important;border-top-style: solid !important;border-bottom-color: #ffffff !important;border-bottom-style: solid !important;}&#8221;][vc_column width=&#8221;1\/12&#8243; css=&#8221;.vc_custom_1537621999171{margin-bottom: 50px !important;}&#8221;][\/vc_column][vc_column width=&#8221;11\/12&#8243;][vc_custom_heading text=&#8221;FAI \u2013 Fondo per l\u2019Ambiente Italiano&#8221; font_container=&#8221;tag:h1|font_size:80%20px|text_align:left&#8221; use_theme_fonts=&#8221;yes&#8221; el_class=&#8221;ej-vc-h1&#8243; css=&#8221;.vc_custom_1709569035209{margin-bottom: 50px !important;}&#8221;][\/vc_column][\/vc_row][vc_row &hellip; Continued","og_url":"https:\/\/www.sensitivefabrics.it\/it\/fai-2024\/","og_site_name":"Sensitive\u00ae Fabrics","article_publisher":"https:\/\/www.facebook.com\/sensitive.fabrics\/","article_modified_time":"2024-03-05T08:58:14+00:00","og_image":[{"width":320,"height":150,"url":"https:\/\/www.sensitivefabrics.it\/wp-content\/uploads\/2018\/12\/Sensitive-Fabrics-Logo-Nero-Web.png","type":"image\/png"}],"twitter_card":"summary_large_image","twitter_misc":{"Tempo di lettura stimato":"3 minuti"},"schema":{"@context":"https:\/\/schema.org","@graph":[{"@type":"WebPage","@id":"https:\/\/www.sensitivefabrics.it\/it\/fai-2024\/","url":"https:\/\/www.sensitivefabrics.it\/it\/fai-2024\/","name":"FAI Fondo Ambiente Italiano - partnership | Sensitive\u00ae Fabrics","isPartOf":{"@id":"https:\/\/www.sensitivefabrics.it\/it\/#website"},"datePublished":"2024-02-24T13:19:18+00:00","dateModified":"2024-03-05T08:58:14+00:00","breadcrumb":{"@id":"https:\/\/www.sensitivefabrics.it\/it\/fai-2024\/#breadcrumb"},"inLanguage":"it-IT","potentialAction":[{"@type":"ReadAction","target":["https:\/\/www.sensitivefabrics.it\/it\/fai-2024\/"]}]},{"@type":"BreadcrumbList","@id":"https:\/\/www.sensitivefabrics.it\/it\/fai-2024\/#breadcrumb","itemListElement":[{"@type":"ListItem","position":1,"name":"Home","item":"https:\/\/www.sensitivefabrics.it\/it\/"},{"@type":"ListItem","position":2,"name":"Fai 2024"}]},{"@type":"WebSite","@id":"https:\/\/www.sensitivefabrics.it\/it\/#website","url":"https:\/\/www.sensitivefabrics.it\/it\/","name":"Sensitive\u00ae Fabrics","description":"Sensitive\u00ae Fabrics: high quality warp-knit fabrics made in Italy - Eurojersey","publisher":{"@id":"https:\/\/www.sensitivefabrics.it\/it\/#organization"},"potentialAction":[{"@type":"SearchAction","target":{"@type":"EntryPoint","urlTemplate":"https:\/\/www.sensitivefabrics.it\/it\/?s={search_term_string}"},"query-input":{"@type":"PropertyValueSpecification","valueRequired":true,"valueName":"search_term_string"}}],"inLanguage":"it-IT"},{"@type":"Organization","@id":"https:\/\/www.sensitivefabrics.it\/it\/#organization","name":"Eurojersey S.p.A.","url":"https:\/\/www.sensitivefabrics.it\/it\/","logo":{"@type":"ImageObject","inLanguage":"it-IT","@id":"https:\/\/www.sensitivefabrics.it\/it\/#\/schema\/logo\/image\/","url":"https:\/\/www.sensitivefabrics.it\/wp-content\/uploads\/2018\/12\/logo-ej.png","contentUrl":"https:\/\/www.sensitivefabrics.it\/wp-content\/uploads\/2018\/12\/logo-ej.png","width":300,"height":62,"caption":"Eurojersey S.p.A."},"image":{"@id":"https:\/\/www.sensitivefabrics.it\/it\/#\/schema\/logo\/image\/"},"sameAs":["https:\/\/www.facebook.com\/sensitive.fabrics\/","https:\/\/www.instagram.com\/sensitivefabrics\/?hl=it","https:\/\/www.linkedin.com\/company\/eurojersey-s-p-a-","https:\/\/www.youtube.com\/user\/SensitiveFabrics"]}]}},"_links":{"self":[{"href":"https:\/\/www.sensitivefabrics.it\/it\/wp-json\/wp\/v2\/pages\/7797","targetHints":{"allow":["GET"]}}],"collection":[{"href":"https:\/\/www.sensitivefabrics.it\/it\/wp-json\/wp\/v2\/pages"}],"about":[{"href":"https:\/\/www.sensitivefabrics.it\/it\/wp-json\/wp\/v2\/types\/page"}],"author":[{"embeddable":true,"href":"https:\/\/www.sensitivefabrics.it\/it\/wp-json\/wp\/v2\/users\/2"}],"replies":[{"embeddable":true,"href":"https:\/\/www.sensitivefabrics.it\/it\/wp-json\/wp\/v2\/comments?post=7797"}],"version-history":[{"count":22,"href":"https:\/\/www.sensitivefabrics.it\/it\/wp-json\/wp\/v2\/pages\/7797\/revisions"}],"predecessor-version":[{"id":7799,"href":"https:\/\/www.sensitivefabrics.it\/it\/wp-json\/wp\/v2\/pages\/7797\/revisions\/7799"}],"wp:attachment":[{"href":"https:\/\/www.sensitivefabrics.it\/it\/wp-json\/wp\/v2\/media?parent=7797"}],"curies":[{"name":"wp","href":"https:\/\/api.w.org\/{rel}","templated":true}]}}